{"id":973,"date":"2020-09-25T14:22:41","date_gmt":"2020-09-25T12:22:41","guid":{"rendered":"https:\/\/leo-foundation.org.bluebird.pw\/da\/?page_id=973"},"modified":"2025-03-31T10:45:28","modified_gmt":"2025-03-31T08:45:28","slug":"investeringer","status":"publish","type":"page","link":"https:\/\/leo-foundation.org.bluebird.pw\/da\/ejerskab\/investeringer\/","title":{"rendered":"Investeringer"},"content":{"rendered":"\n<div class=\"wp-block-group alignfull is-style-pattern-leo-center has-primary-olive-background-color has-background\"><div class=\"wp-block-group__inner-container is-layout-flow wp-block-group-is-layout-flow\">\n<div style=\"height:56px\" aria-hidden=\"true\" class=\"wp-block-spacer\"><\/div>\n\n\n\n<h2 class=\"wp-block-heading is-style-large-type\">Investeringer<\/h2>\n\n\n\n<div style=\"height:20px\" aria-hidden=\"true\" class=\"wp-block-spacer\"><\/div>\n\n\n\n<div class=\"wp-block-columns is-layout-flex wp-container-core-columns-is-layout-9d6595d7 wp-block-columns-is-layout-flex\">\n<div class=\"wp-block-column is-layout-flow wp-block-column-is-layout-flow\"><div class=\"text-cols text-cols-columns-1 text-cols align\" data-block_8f84cace3cc888d7f7f73f22d2ba365b>\n  \n\n<p>Udover at eje LEO Pharma har LEO Fondet finansielle aktiver for ca. 18,3 mia. kr.<\/p>\n\n\n\n<p>Det prim\u00e6re form\u00e5l med forvaltningen af de finansielle aktiver er at sikre l\u00f8bende \u00f8konomisk kapacitet til at underst\u00f8tte LEO Pharmas langsigtede videref\u00f8relse og strategiske udvikling samt sikre midler til LEO Fondets filantropiske aktiviteter.<\/p>\n\n\n\n<p>Vi s\u00f8ger at skabe det bedst mulige afkast og samtidig have en fornuftig og velafbalanceret risikoprofil.<\/p>\n\n\n<\/div>\n\n<style type=\"text\/css\">\n  [data-block_8f84cace3cc888d7f7f73f22d2ba365b] p {\n    column-count: 1;\n    column-gap: 30px;\n  }\n<\/style>\n<\/div>\n\n\n\n<div class=\"wp-block-column is-layout-flow wp-block-column-is-layout-flow\"><div class=\"text-cols text-cols-columns-1 text-cols align\" data-block_a83792dda4d5d41f9b402b7b9fcfc104>\n  \n<\/div>\n\n<style type=\"text\/css\">\n  [data-block_a83792dda4d5d41f9b402b7b9fcfc104] p {\n    column-count: 1;\n    column-gap: 30px;\n  }\n<\/style>\n<\/div>\n<\/div>\n\n\n\n<figure class=\"wp-block-image size-large is-style-default\"><img loading=\"lazy\" decoding=\"async\" width=\"1024\" height=\"682\" src=\"https:\/\/leo-foundation.org.bluebird.pw\/da\/wp-content\/uploads\/2021\/01\/zdenek-machacek-jbe0iCwo-U0-unsplash_web-1024x682.jpg\" alt=\"\" class=\"wp-image-3212\" srcset=\"https:\/\/leo-foundation.org.bluebird.pw\/da\/wp-content\/uploads\/2021\/01\/zdenek-machacek-jbe0iCwo-U0-unsplash_web-1024x682.jpg 1024w, https:\/\/leo-foundation.org.bluebird.pw\/da\/wp-content\/uploads\/2021\/01\/zdenek-machacek-jbe0iCwo-U0-unsplash_web-300x200.jpg 300w, https:\/\/leo-foundation.org.bluebird.pw\/da\/wp-content\/uploads\/2021\/01\/zdenek-machacek-jbe0iCwo-U0-unsplash_web-768x512.jpg 768w, https:\/\/leo-foundation.org.bluebird.pw\/da\/wp-content\/uploads\/2021\/01\/zdenek-machacek-jbe0iCwo-U0-unsplash_web-1536x1024.jpg 1536w, https:\/\/leo-foundation.org.bluebird.pw\/da\/wp-content\/uploads\/2021\/01\/zdenek-machacek-jbe0iCwo-U0-unsplash_web-2048x1365.jpg 2048w, https:\/\/leo-foundation.org.bluebird.pw\/da\/wp-content\/uploads\/2021\/01\/zdenek-machacek-jbe0iCwo-U0-unsplash_web-960x640.jpg 960w, https:\/\/leo-foundation.org.bluebird.pw\/da\/wp-content\/uploads\/2021\/01\/zdenek-machacek-jbe0iCwo-U0-unsplash_web-480x320.jpg 480w\" sizes=\"auto, (max-width: 1024px) 100vw, 1024px\" \/><\/figure>\n<\/div><\/div>\n\n\n\n<div class=\"wp-block-group alignfull is-style-default has-primary-snow-background-color has-background\"><div class=\"wp-block-group__inner-container is-layout-flow wp-block-group-is-layout-flow\">\n<h2 class=\"wp-block-heading\" id=\"leo-holding\">LEO Holding A\/S<\/h2>\n\n\n\n<div style=\"height:35px\" aria-hidden=\"true\" class=\"wp-block-spacer\"><\/div>\n\n\n\n<div class=\"wp-block-columns is-layout-flex wp-container-core-columns-is-layout-9d6595d7 wp-block-columns-is-layout-flex\">\n<div class=\"wp-block-column is-layout-flow wp-block-column-is-layout-flow\"><div class=\"text-cols text-cols-columns-1 text-cols align\" data-block_8f84cace3cc888d7f7f73f22d2ba365b>\n  \n\n<p>Til at hj\u00e6lpe LEO Fondet med erhvervsaktiviteterne har vi etableret et 100 % ejet datterselskab, der hedder LEO Holding A\/S. LEO Holding tager sig af Fondets investeringer.<\/p>\n\n\n\n<p>Bestyrelsen i LEO Holding er identisk med <a href=\"https:\/\/leo-foundation.org.bluebird.pw\/da\/om-os\/organisation\/#bestyrelse\" target=\"_blank\" rel=\"noreferrer noopener\">LEO Fondets bestyrelse<\/a>.<\/p>\n\n\n<\/div>\n\n<style type=\"text\/css\">\n  [data-block_8f84cace3cc888d7f7f73f22d2ba365b] p {\n    column-count: 1;\n    column-gap: 30px;\n  }\n<\/style>\n<\/div>\n\n\n\n<div class=\"wp-block-column is-layout-flow wp-block-column-is-layout-flow\"><div class=\"text-cols text-cols-columns-1 text-cols align\" data-block_8f84cace3cc888d7f7f73f22d2ba365b>\n  \n<\/div>\n\n<style type=\"text\/css\">\n  [data-block_8f84cace3cc888d7f7f73f22d2ba365b] p {\n    column-count: 1;\n    column-gap: 30px;\n  }\n<\/style>\n<\/div>\n<\/div>\n<\/div><\/div>\n\n\n\n<div class=\"wp-block-group alignfull is-style-default has-primary-coal-color has-secondary-olive-background-color has-text-color has-background\"><div class=\"wp-block-group__inner-container is-layout-flow wp-block-group-is-layout-flow\">\n<h2 class=\"wp-block-heading\" id=\"Investeringsstrategi\">Investeringsstrategi og portef\u00f8lje<\/h2>\n\n\n\n<div style=\"height:35px\" aria-hidden=\"true\" class=\"wp-block-spacer\"><\/div>\n\n\n\n<div class=\"wp-block-columns is-layout-flex wp-container-core-columns-is-layout-9d6595d7 wp-block-columns-is-layout-flex\">\n<div class=\"wp-block-column is-layout-flow wp-block-column-is-layout-flow\"><div class=\"text-cols text-cols-columns-1 text-cols align\" data-block_8f84cace3cc888d7f7f73f22d2ba365b>\n  \n\n<p>Vores investeringer er fordelt p\u00e5 forskellige aktivklasser med prim\u00e6rt fokus p\u00e5 likvide aktiver som f.eks. b\u00f8rsnoterede aktier, statsobligationer, s\u00e6rligt d\u00e6kkede obligationer og kreditter.<\/p>\n\n\n\n<p>En mindre del af portef\u00f8ljen kan desuden omfatte mere illikvide alternative investeringer som strukturerede kreditter, unoterede aktier, infrastruktur eller fast ejendom.<\/p>\n\n\n\n<p>Alle Fondets finansielle aktiver ejes af det helejede datterselskab LEO Holding, hvor et lille team af meget erfarne investeringseksperter arbejder p\u00e5 at skabe v\u00e6rdi gennem top-down aktivallokering og ved at udv\u00e6lge forvaltere og alternative investeringskomponenter. Alle aktiver forvaltes i \u00f8jeblikket eksternt af professionelle formueforvaltere.<\/p>\n\n\n\n<p>F\u00e5 overblik over portef\u00f8ljen og aktivklasser i vores \u00e5rsrapport.<\/p>\n\n\n<\/div>\n\n<style type=\"text\/css\">\n  [data-block_8f84cace3cc888d7f7f73f22d2ba365b] p {\n    column-count: 1;\n    column-gap: 30px;\n  }\n<\/style>\n\n\n\n<div style=\"height:24px\" aria-hidden=\"true\" class=\"wp-block-spacer\"><\/div>\n\n\n\n<div class=\"wp-block-buttons is-layout-flex wp-block-buttons-is-layout-flex\">\n<div class=\"wp-block-button\"><a class=\"wp-block-button__link has-primary-coal-color has-primary-peach-background-color has-text-color has-background wp-element-button\" href=\"https:\/\/leo-foundation.org.bluebird.pw\/da\/nyheder-presse\/udgivelser\/#%C3%A5rsrapporter\" target=\"_blank\" rel=\"noreferrer noopener\">\u00c5rsrapport<\/a><\/div>\n<\/div>\n<\/div>\n\n\n\n<div class=\"wp-block-column is-layout-flow wp-block-column-is-layout-flow\"><div class=\"text-cols text-cols-columns-1 text-cols align\" data-block_8f84cace3cc888d7f7f73f22d2ba365b>\n  \n<\/div>\n\n<style type=\"text\/css\">\n  [data-block_8f84cace3cc888d7f7f73f22d2ba365b] p {\n    column-count: 1;\n    column-gap: 30px;\n  }\n<\/style>\n\n\n\n<figure class=\"wp-block-image size-large\"><img loading=\"lazy\" decoding=\"async\" width=\"1024\" height=\"441\" src=\"https:\/\/leo-foundation.org.bluebird.pw\/da\/wp-content\/uploads\/2025\/03\/Asset-allocation-of-the-investment-portofolio-DK-1024x441.png\" alt=\"\" class=\"wp-image-6787\" style=\"object-fit:cover\" srcset=\"https:\/\/leo-foundation.org.bluebird.pw\/da\/wp-content\/uploads\/2025\/03\/Asset-allocation-of-the-investment-portofolio-DK-1024x441.png 1024w, https:\/\/leo-foundation.org.bluebird.pw\/da\/wp-content\/uploads\/2025\/03\/Asset-allocation-of-the-investment-portofolio-DK-300x129.png 300w, https:\/\/leo-foundation.org.bluebird.pw\/da\/wp-content\/uploads\/2025\/03\/Asset-allocation-of-the-investment-portofolio-DK-768x330.png 768w, https:\/\/leo-foundation.org.bluebird.pw\/da\/wp-content\/uploads\/2025\/03\/Asset-allocation-of-the-investment-portofolio-DK-960x413.png 960w, https:\/\/leo-foundation.org.bluebird.pw\/da\/wp-content\/uploads\/2025\/03\/Asset-allocation-of-the-investment-portofolio-DK.png 1464w\" sizes=\"auto, (max-width: 1024px) 100vw, 1024px\" \/><\/figure>\n<\/div>\n<\/div>\n<\/div><\/div>\n\n\n\n<div class=\"wp-block-group alignfull is-style-default has-primary-olive-background-color has-background\"><div class=\"wp-block-group__inner-container is-layout-flow wp-block-group-is-layout-flow\">\n<figure class=\"wp-block-image size-large\"><img loading=\"lazy\" decoding=\"async\" width=\"1024\" height=\"682\" src=\"https:\/\/leo-foundation.org.bluebird.pw\/da\/wp-content\/uploads\/2020\/12\/web-leaf-leo-foundaiton--1024x682.jpg\" alt=\"\" class=\"wp-image-3164\" srcset=\"https:\/\/leo-foundation.org.bluebird.pw\/da\/wp-content\/uploads\/2020\/12\/web-leaf-leo-foundaiton--1024x682.jpg 1024w, https:\/\/leo-foundation.org.bluebird.pw\/da\/wp-content\/uploads\/2020\/12\/web-leaf-leo-foundaiton--300x200.jpg 300w, https:\/\/leo-foundation.org.bluebird.pw\/da\/wp-content\/uploads\/2020\/12\/web-leaf-leo-foundaiton--768x512.jpg 768w, https:\/\/leo-foundation.org.bluebird.pw\/da\/wp-content\/uploads\/2020\/12\/web-leaf-leo-foundaiton--1536x1024.jpg 1536w, https:\/\/leo-foundation.org.bluebird.pw\/da\/wp-content\/uploads\/2020\/12\/web-leaf-leo-foundaiton--2048x1365.jpg 2048w, https:\/\/leo-foundation.org.bluebird.pw\/da\/wp-content\/uploads\/2020\/12\/web-leaf-leo-foundaiton--960x640.jpg 960w, https:\/\/leo-foundation.org.bluebird.pw\/da\/wp-content\/uploads\/2020\/12\/web-leaf-leo-foundaiton--480x320.jpg 480w\" sizes=\"auto, (max-width: 1024px) 100vw, 1024px\" \/><\/figure>\n\n\n\n<div style=\"height:115px\" aria-hidden=\"true\" class=\"wp-block-spacer\"><\/div>\n\n\n\n<h2 class=\"wp-block-heading\" id=\"ansvarlige-investeringer\">Ansvarlige investeringer<\/h2>\n\n\n\n<div style=\"height:76px\" aria-hidden=\"true\" class=\"wp-block-spacer\"><\/div>\n\n\n\n<div class=\"wp-block-columns is-layout-flex wp-container-core-columns-is-layout-9d6595d7 wp-block-columns-is-layout-flex\">\n<div class=\"wp-block-column is-layout-flow wp-block-column-is-layout-flow\"><div class=\"text-cols text-cols-columns-1 text-cols align\" data-block_8f84cace3cc888d7f7f73f22d2ba365b>\n  \n\n<p>Som en del af vores arbejde med samfundsansvar har vi vedtaget en politik for ansvarlige investeringer med afs\u00e6t i ESG-forhold (Environment, Social, Governance).<\/p>\n\n\n\n<p><strong>ESG-politikken <\/strong>baserer sig p\u00e5 FN Global Compacts ti principper for samfundsansvar og b\u00e6redygtighed inden for bl.a. menneskerettigheder, milj\u00f8 og anti-korruption.<\/p>\n\n\n\n<p>Vores investeringer administreres af eksterne forvaltere, som vi arbejder aktivt sammen med for at sikre, at politikken overholdes.<\/p>\n\n\n\n<p>Vores investeringsteam vurderer investeringsforvalternes ESG-setup som et fast led i investeringsprocessen, og forvalterne skal \u00e5rligt rapportere om relevante ESG-forhold herunder frasolgte investeringer, dialoger med virksomheder og korrigerende handlinger iv\u00e6rksat af forvalterne.<\/p>\n\n\n<\/div>\n\n<style type=\"text\/css\">\n  [data-block_8f84cace3cc888d7f7f73f22d2ba365b] p {\n    column-count: 1;\n    column-gap: 30px;\n  }\n<\/style>\n<\/div>\n\n\n\n<div class=\"wp-block-column is-layout-flow wp-block-column-is-layout-flow\"><div class=\"text-cols text-cols-columns-1 text-cols align\" data-block_8f84cace3cc888d7f7f73f22d2ba365b>\n  \n\n<p><strong>Ansvarlig skattepraksis<\/strong><\/p>\n\n\n\n<p>Det er vigtigt for os at v\u00e6re en transparent og ansvarlig akt\u00f8r i alt, hvad vi g\u00f8r. Det g\u00e6lder ogs\u00e5 i forhold til, hvordan vi h\u00e5ndterer vores skatteforhold.<\/p>\n\n\n\n<p>Derfor har vi udviklet et s\u00e6t skatteprincipper, og vi har tilsluttet os et f\u00e6lles skattekodeks, som er etableret af en r\u00e6kke danske pensionskasser. Kodekset omfatter principper og anbefalinger for unoterede investeringer, der beskriver, hvordan eksterne kapitalforvaltere b\u00f8r opf\u00f8re sig p\u00e5 skatteomr\u00e5det. Form\u00e5let er at sikre effektive og holdbare investeringer set fra et skatteperspektiv.<\/p>\n\n\n<\/div>\n\n<style type=\"text\/css\">\n  [data-block_8f84cace3cc888d7f7f73f22d2ba365b] p {\n    column-count: 1;\n    column-gap: 30px;\n  }\n<\/style>\n\n\n\n<div style=\"height:20px\" aria-hidden=\"true\" class=\"wp-block-spacer\"><\/div>\n\n\n\n<div class=\"wp-block-buttons is-layout-flex wp-block-buttons-is-layout-flex\">\n<div class=\"wp-block-button is-style-leo-link\"><a class=\"wp-block-button__link wp-element-button\" href=\"https:\/\/leo-foundation.org.bluebird.pw\/da\/saadan-arbejder-vi\/#skat\">L\u00e6s mere om vores skattepraksis<\/a><\/div>\n<\/div>\n<\/div>\n<\/div>\n\n\n\n<div style=\"height:31px\" aria-hidden=\"true\" class=\"wp-block-spacer\"><\/div>\n\n\n\n<div class=\"wp-block-columns is-layout-flex wp-container-core-columns-is-layout-9d6595d7 wp-block-columns-is-layout-flex\">\n<div class=\"wp-block-column is-layout-flow wp-block-column-is-layout-flow\">\n<figure class=\"wp-block-image size-full is-resized\"><a href=\"https:\/\/leo-foundation.org.bluebird.pw\/en\/about-us\/how-we-work\/taking-responsibility\/investing-for-climate-transition\/\"><img loading=\"lazy\" decoding=\"async\" width=\"1024\" height=\"683\" src=\"https:\/\/leo-foundation.org.bluebird.pw\/da\/wp-content\/uploads\/2023\/12\/klima-og-investeringer-1.png\" alt=\"\" class=\"wp-image-5770\" style=\"width:392px;height:261px\" srcset=\"https:\/\/leo-foundation.org.bluebird.pw\/da\/wp-content\/uploads\/2023\/12\/klima-og-investeringer-1.png 1024w, https:\/\/leo-foundation.org.bluebird.pw\/da\/wp-content\/uploads\/2023\/12\/klima-og-investeringer-1-300x200.png 300w, https:\/\/leo-foundation.org.bluebird.pw\/da\/wp-content\/uploads\/2023\/12\/klima-og-investeringer-1-768x512.png 768w, https:\/\/leo-foundation.org.bluebird.pw\/da\/wp-content\/uploads\/2023\/12\/klima-og-investeringer-1-960x640.png 960w, https:\/\/leo-foundation.org.bluebird.pw\/da\/wp-content\/uploads\/2023\/12\/klima-og-investeringer-1-480x320.png 480w\" sizes=\"auto, (max-width: 1024px) 100vw, 1024px\" \/><\/a><\/figure>\n<\/div>\n\n\n\n<div class=\"wp-block-column is-layout-flow wp-block-column-is-layout-flow\"><\/div>\n<\/div>\n<\/div><\/div>\n","protected":false},"excerpt":{"rendered":"<p>Investeringer LEO Holding A\/S Investeringsstrategi og portef\u00f8lje Ansvarlige investeringer<\/p>\n","protected":false},"author":4,"featured_media":0,"parent":943,"menu_order":4,"comment_status":"closed","ping_status":"closed","template":"","meta":{"_acf_changed":false,"inline_featured_image":false,"footnotes":""},"class_list":["post-973","page","type-page","status-publish","hentry"],"acf":[],"yoast_head":"<!-- This site is optimized with the Yoast SEO plugin v27.3 - https:\/\/yoast.com\/product\/yoast-seo-wordpress\/ -->\n<title>Investeringer - LEO Fondet<\/title>\n<meta name=\"robots\" content=\"noindex, follow, max-snippet:-1, max-image-preview:large, max-video-preview:-1\" \/>\n<meta property=\"og:locale\" content=\"da_DK\" \/>\n<meta property=\"og:type\" content=\"article\" \/>\n<meta property=\"og:title\" content=\"Investeringer - LEO Fondet\" \/>\n<meta property=\"og:description\" content=\"Investeringer LEO Holding A\/S Investeringsstrategi og portef\u00f8lje Ansvarlige investeringer\" \/>\n<meta property=\"og:url\" content=\"https:\/\/leo-foundation.org.bluebird.pw\/da\/ejerskab\/investeringer\/\" \/>\n<meta property=\"og:site_name\" content=\"LEO Fondet\" \/>\n<meta property=\"article:modified_time\" content=\"2025-03-31T08:45:28+00:00\" \/>\n<meta property=\"og:image\" content=\"https:\/\/leo-foundation.org.bluebird.pw\/da\/wp-content\/uploads\/2021\/01\/zdenek-machacek-jbe0iCwo-U0-unsplash_web.jpg\" \/>\n\t<meta property=\"og:image:width\" content=\"2449\" \/>\n\t<meta property=\"og:image:height\" content=\"1632\" \/>\n\t<meta property=\"og:image:type\" content=\"image\/jpeg\" \/>\n<meta name=\"twitter:card\" content=\"summary_large_image\" \/>\n<meta name=\"twitter:label1\" content=\"Estimeret l\u00e6setid\" \/>\n\t<meta name=\"twitter:data1\" content=\"3 minutter\" \/>\n<script type=\"application\/ld+json\" class=\"yoast-schema-graph\">{\"@context\":\"https:\\\/\\\/schema.org\",\"@graph\":[{\"@type\":\"WebPage\",\"@id\":\"https:\\\/\\\/leo-foundation.org.bluebird.pw\\\/da\\\/ejerskab\\\/investeringer\\\/\",\"url\":\"https:\\\/\\\/leo-foundation.org.bluebird.pw\\\/da\\\/ejerskab\\\/investeringer\\\/\",\"name\":\"Investeringer - LEO Fondet\",\"isPartOf\":{\"@id\":\"https:\\\/\\\/leo-foundation.org.bluebird.pw\\\/da\\\/#website\"},\"primaryImageOfPage\":{\"@id\":\"https:\\\/\\\/leo-foundation.org.bluebird.pw\\\/da\\\/ejerskab\\\/investeringer\\\/#primaryimage\"},\"image\":{\"@id\":\"https:\\\/\\\/leo-foundation.org.bluebird.pw\\\/da\\\/ejerskab\\\/investeringer\\\/#primaryimage\"},\"thumbnailUrl\":\"https:\\\/\\\/leo-foundation.org.bluebird.pw\\\/da\\\/wp-content\\\/uploads\\\/2021\\\/01\\\/zdenek-machacek-jbe0iCwo-U0-unsplash_web-1024x682.jpg\",\"datePublished\":\"2020-09-25T12:22:41+00:00\",\"dateModified\":\"2025-03-31T08:45:28+00:00\",\"breadcrumb\":{\"@id\":\"https:\\\/\\\/leo-foundation.org.bluebird.pw\\\/da\\\/ejerskab\\\/investeringer\\\/#breadcrumb\"},\"inLanguage\":\"da-DK\",\"potentialAction\":[{\"@type\":\"ReadAction\",\"target\":[\"https:\\\/\\\/leo-foundation.org.bluebird.pw\\\/da\\\/ejerskab\\\/investeringer\\\/\"]}]},{\"@type\":\"ImageObject\",\"inLanguage\":\"da-DK\",\"@id\":\"https:\\\/\\\/leo-foundation.org.bluebird.pw\\\/da\\\/ejerskab\\\/investeringer\\\/#primaryimage\",\"url\":\"https:\\\/\\\/leo-foundation.org.bluebird.pw\\\/da\\\/wp-content\\\/uploads\\\/2021\\\/01\\\/zdenek-machacek-jbe0iCwo-U0-unsplash_web.jpg\",\"contentUrl\":\"https:\\\/\\\/leo-foundation.org.bluebird.pw\\\/da\\\/wp-content\\\/uploads\\\/2021\\\/01\\\/zdenek-machacek-jbe0iCwo-U0-unsplash_web.jpg\",\"width\":2449,\"height\":1632},{\"@type\":\"BreadcrumbList\",\"@id\":\"https:\\\/\\\/leo-foundation.org.bluebird.pw\\\/da\\\/ejerskab\\\/investeringer\\\/#breadcrumb\",\"itemListElement\":[{\"@type\":\"ListItem\",\"position\":1,\"name\":\"Forside\",\"item\":\"https:\\\/\\\/leo-foundation.org.bluebird.pw\\\/da\\\/\"},{\"@type\":\"ListItem\",\"position\":2,\"name\":\"Ejerskab\",\"item\":\"https:\\\/\\\/leo-foundation.org.bluebird.pw\\\/da\\\/ejerskab\\\/\"},{\"@type\":\"ListItem\",\"position\":3,\"name\":\"Investeringer\"}]},{\"@type\":\"WebSite\",\"@id\":\"https:\\\/\\\/leo-foundation.org.bluebird.pw\\\/da\\\/#website\",\"url\":\"https:\\\/\\\/leo-foundation.org.bluebird.pw\\\/da\\\/\",\"name\":\"LEO Fondet\",\"description\":\"Endnu en WordPress-blog\",\"potentialAction\":[{\"@type\":\"SearchAction\",\"target\":{\"@type\":\"EntryPoint\",\"urlTemplate\":\"https:\\\/\\\/leo-foundation.org.bluebird.pw\\\/da\\\/?s={search_term_string}\"},\"query-input\":{\"@type\":\"PropertyValueSpecification\",\"valueRequired\":true,\"valueName\":\"search_term_string\"}}],\"inLanguage\":\"da-DK\"}]}<\/script>\n<!-- \/ Yoast SEO plugin. -->","yoast_head_json":{"title":"Investeringer - LEO Fondet","robots":{"index":"noindex","follow":"follow","max-snippet":"max-snippet:-1","max-image-preview":"max-image-preview:large","max-video-preview":"max-video-preview:-1"},"og_locale":"da_DK","og_type":"article","og_title":"Investeringer - LEO Fondet","og_description":"Investeringer LEO Holding A\/S Investeringsstrategi og portef\u00f8lje Ansvarlige investeringer","og_url":"https:\/\/leo-foundation.org.bluebird.pw\/da\/ejerskab\/investeringer\/","og_site_name":"LEO Fondet","article_modified_time":"2025-03-31T08:45:28+00:00","og_image":[{"width":2449,"height":1632,"url":"https:\/\/leo-foundation.org.bluebird.pw\/da\/wp-content\/uploads\/2021\/01\/zdenek-machacek-jbe0iCwo-U0-unsplash_web.jpg","type":"image\/jpeg"}],"twitter_card":"summary_large_image","twitter_misc":{"Estimeret l\u00e6setid":"3 minutter"},"schema":{"@context":"https:\/\/schema.org","@graph":[{"@type":"WebPage","@id":"https:\/\/leo-foundation.org.bluebird.pw\/da\/ejerskab\/investeringer\/","url":"https:\/\/leo-foundation.org.bluebird.pw\/da\/ejerskab\/investeringer\/","name":"Investeringer - LEO Fondet","isPartOf":{"@id":"https:\/\/leo-foundation.org.bluebird.pw\/da\/#website"},"primaryImageOfPage":{"@id":"https:\/\/leo-foundation.org.bluebird.pw\/da\/ejerskab\/investeringer\/#primaryimage"},"image":{"@id":"https:\/\/leo-foundation.org.bluebird.pw\/da\/ejerskab\/investeringer\/#primaryimage"},"thumbnailUrl":"https:\/\/leo-foundation.org.bluebird.pw\/da\/wp-content\/uploads\/2021\/01\/zdenek-machacek-jbe0iCwo-U0-unsplash_web-1024x682.jpg","datePublished":"2020-09-25T12:22:41+00:00","dateModified":"2025-03-31T08:45:28+00:00","breadcrumb":{"@id":"https:\/\/leo-foundation.org.bluebird.pw\/da\/ejerskab\/investeringer\/#breadcrumb"},"inLanguage":"da-DK","potentialAction":[{"@type":"ReadAction","target":["https:\/\/leo-foundation.org.bluebird.pw\/da\/ejerskab\/investeringer\/"]}]},{"@type":"ImageObject","inLanguage":"da-DK","@id":"https:\/\/leo-foundation.org.bluebird.pw\/da\/ejerskab\/investeringer\/#primaryimage","url":"https:\/\/leo-foundation.org.bluebird.pw\/da\/wp-content\/uploads\/2021\/01\/zdenek-machacek-jbe0iCwo-U0-unsplash_web.jpg","contentUrl":"https:\/\/leo-foundation.org.bluebird.pw\/da\/wp-content\/uploads\/2021\/01\/zdenek-machacek-jbe0iCwo-U0-unsplash_web.jpg","width":2449,"height":1632},{"@type":"BreadcrumbList","@id":"https:\/\/leo-foundation.org.bluebird.pw\/da\/ejerskab\/investeringer\/#breadcrumb","itemListElement":[{"@type":"ListItem","position":1,"name":"Forside","item":"https:\/\/leo-foundation.org.bluebird.pw\/da\/"},{"@type":"ListItem","position":2,"name":"Ejerskab","item":"https:\/\/leo-foundation.org.bluebird.pw\/da\/ejerskab\/"},{"@type":"ListItem","position":3,"name":"Investeringer"}]},{"@type":"WebSite","@id":"https:\/\/leo-foundation.org.bluebird.pw\/da\/#website","url":"https:\/\/leo-foundation.org.bluebird.pw\/da\/","name":"LEO Fondet","description":"Endnu en WordPress-blog","potentialAction":[{"@type":"SearchAction","target":{"@type":"EntryPoint","urlTemplate":"https:\/\/leo-foundation.org.bluebird.pw\/da\/?s={search_term_string}"},"query-input":{"@type":"PropertyValueSpecification","valueRequired":true,"valueName":"search_term_string"}}],"inLanguage":"da-DK"}]}},"distributor_meta":false,"distributor_terms":false,"distributor_media":false,"distributor_original_site_name":"LEO Fondet","distributor_original_site_url":"https:\/\/leo-foundation.org.bluebird.pw\/da","push-errors":false,"_links":{"self":[{"href":"https:\/\/leo-foundation.org.bluebird.pw\/da\/wp-json\/wp\/v2\/pages\/973","targetHints":{"allow":["GET"]}}],"collection":[{"href":"https:\/\/leo-foundation.org.bluebird.pw\/da\/wp-json\/wp\/v2\/pages"}],"about":[{"href":"https:\/\/leo-foundation.org.bluebird.pw\/da\/wp-json\/wp\/v2\/types\/page"}],"author":[{"embeddable":true,"href":"https:\/\/leo-foundation.org.bluebird.pw\/da\/wp-json\/wp\/v2\/users\/4"}],"replies":[{"embeddable":true,"href":"https:\/\/leo-foundation.org.bluebird.pw\/da\/wp-json\/wp\/v2\/comments?post=973"}],"version-history":[{"count":92,"href":"https:\/\/leo-foundation.org.bluebird.pw\/da\/wp-json\/wp\/v2\/pages\/973\/revisions"}],"predecessor-version":[{"id":6793,"href":"https:\/\/leo-foundation.org.bluebird.pw\/da\/wp-json\/wp\/v2\/pages\/973\/revisions\/6793"}],"up":[{"embeddable":true,"href":"https:\/\/leo-foundation.org.bluebird.pw\/da\/wp-json\/wp\/v2\/pages\/943"}],"wp:attachment":[{"href":"https:\/\/leo-foundation.org.bluebird.pw\/da\/wp-json\/wp\/v2\/media?parent=973"}],"curies":[{"name":"wp","href":"https:\/\/api.w.org\/{rel}","templated":true}]}}