{"id":943,"date":"2020-09-25T13:32:11","date_gmt":"2020-09-25T11:32:11","guid":{"rendered":"https:\/\/leo-foundation.org.bluebird.pw\/da\/?page_id=943"},"modified":"2025-03-28T10:45:32","modified_gmt":"2025-03-28T09:45:32","slug":"ejerskab","status":"publish","type":"page","link":"https:\/\/leo-foundation.org.bluebird.pw\/da\/ejerskab\/","title":{"rendered":"Ejerskab"},"content":{"rendered":"\n<div class=\"wp-block-group alignfull is-style-pattern-leo-center has-primary-snow-background-color has-background\"><div class=\"wp-block-group__inner-container is-layout-flow wp-block-group-is-layout-flow\">\n<div style=\"height:68px\" aria-hidden=\"true\" class=\"wp-block-spacer\"><\/div>\n\n\n\n<h2 class=\"wp-block-heading is-style-large-type\" id=\"engageret-ejerskab\">Engageret ejerskab<\/h2>\n\n\n\n<div style=\"height:42px\" aria-hidden=\"true\" class=\"wp-block-spacer\"><\/div>\n\n\n\n<div class=\"wp-block-columns is-layout-flex wp-container-core-columns-is-layout-9d6595d7 wp-block-columns-is-layout-flex\">\n<div class=\"wp-block-column is-layout-flow wp-block-column-is-layout-flow\"><div class=\"text-cols text-cols-columns-1 text-cols align\" data-block_e9387dc3bea87a0df3614b367af01b99>\n  \n\n<p>LEO Fondet er en dansk erhvervsdrivende fond grundlagt i 1984 med det prim\u00e6re form\u00e5l at sikre den globale medicinalvirksomhed <a href=\"https:\/\/www.leo-pharma.com\/\" target=\"_blank\" rel=\"noreferrer noopener\">LEO Pharmas<\/a> videref\u00f8relse.<\/p>\n\n\n\n<p>I overensstemmelse med <a href=\"https:\/\/leo-foundation.org.bluebird.pw\/da\/saadan-arbejder-vi\/#fundats\" target=\"_blank\" rel=\"noreferrer noopener\">fundatsen<\/a> er LEO Fondet den langsigtede, kontrollerende ejer af LEO Pharma, og Fondet ud\u00f8ver et engageret og ambiti\u00f8st ejerskab med fokus p\u00e5 at sikre virksomhedens langsigtede udvikling og succes.<\/p>\n\n\n<\/div>\n\n<style type=\"text\/css\">\n  [data-block_e9387dc3bea87a0df3614b367af01b99] p {\n    column-count: 1;\n    column-gap: 30px;\n  }\n<\/style>\n<\/div>\n\n\n\n<div class=\"wp-block-column is-layout-flow wp-block-column-is-layout-flow\"><div class=\"text-cols text-cols-columns-1 text-cols align\" data-block_51e21e52bada105e50d8b6b9ec7488f1>\n  \n\n<p><\/p>\n\n\n<\/div>\n\n<style type=\"text\/css\">\n  [data-block_51e21e52bada105e50d8b6b9ec7488f1] p {\n    column-count: 1;\n    column-gap: 30px;\n  }\n<\/style>\n<\/div>\n<\/div>\n\n\n\n<div style=\"height:47px\" aria-hidden=\"true\" class=\"wp-block-spacer\"><\/div>\n\n\n\n<figure class=\"wp-block-image size-large\"><img loading=\"lazy\" decoding=\"async\" width=\"1024\" height=\"679\" src=\"https:\/\/leo-foundation.org.bluebird.pw\/da\/wp-content\/uploads\/2020\/12\/Headquarters_P0_DK_Ballerup_Glass_Stairs_Lo-res-1024x679.jpg\" alt=\"\" class=\"wp-image-2775\" srcset=\"https:\/\/leo-foundation.org.bluebird.pw\/da\/wp-content\/uploads\/2020\/12\/Headquarters_P0_DK_Ballerup_Glass_Stairs_Lo-res-1024x679.jpg 1024w, https:\/\/leo-foundation.org.bluebird.pw\/da\/wp-content\/uploads\/2020\/12\/Headquarters_P0_DK_Ballerup_Glass_Stairs_Lo-res-300x199.jpg 300w, https:\/\/leo-foundation.org.bluebird.pw\/da\/wp-content\/uploads\/2020\/12\/Headquarters_P0_DK_Ballerup_Glass_Stairs_Lo-res-768x509.jpg 768w, https:\/\/leo-foundation.org.bluebird.pw\/da\/wp-content\/uploads\/2020\/12\/Headquarters_P0_DK_Ballerup_Glass_Stairs_Lo-res-1536x1018.jpg 1536w, https:\/\/leo-foundation.org.bluebird.pw\/da\/wp-content\/uploads\/2020\/12\/Headquarters_P0_DK_Ballerup_Glass_Stairs_Lo-res-2048x1357.jpg 2048w, https:\/\/leo-foundation.org.bluebird.pw\/da\/wp-content\/uploads\/2020\/12\/Headquarters_P0_DK_Ballerup_Glass_Stairs_Lo-res-960x636.jpg 960w\" sizes=\"auto, (max-width: 1024px) 100vw, 1024px\" \/><\/figure>\n<\/div><\/div>\n\n\n\n<div class=\"wp-block-group alignfull is-style-pattern-leo-center has-secondary-olive-background-color has-background\"><div class=\"wp-block-group__inner-container is-layout-flow wp-block-group-is-layout-flow\">\n<h1 class=\"wp-block-heading\" id=\"Principper-for-engageret-ejerskab\">Det engagerede ejerskab er baseret p\u00e5 tre hovedprincipper, som guider vores handlinger og adf\u00e6rd<\/h1>\n\n\n\n<div style=\"height:64px\" aria-hidden=\"true\" class=\"wp-block-spacer\"><\/div>\n\n\n\n<div class=\"wp-block-columns is-layout-flex wp-container-core-columns-is-layout-9d6595d7 wp-block-columns-is-layout-flex\">\n<div class=\"wp-block-column is-layout-flow wp-block-column-is-layout-flow\">\n<h3 class=\"wp-block-heading\">Dedikation<\/h3>\n\n\n<div class=\"text-cols text-cols-columns-1 text-cols align\" data-block_51e21e52bada105e50d8b6b9ec7488f1>\n  \n\n<p>Som langsigtet, strategisk aktion\u00e6r er vi forpligtede til at sikre LEO Pharmas udvikling og succes.<\/p>\n\n\n\n<ul class=\"wp-block-list\">\n<li>Vi faciliterer og bidrager til konstruktiv dialog mellem aktion\u00e6rerne for at sikre tilpasning til virksomhedens langsigtede, strategiske retning.<\/li>\n\n\n\n<li>Vi vurderer, udfordrer og underst\u00f8tter virksomhedens strategiske udvikling.<\/li>\n<\/ul>\n\n\n<\/div>\n\n<style type=\"text\/css\">\n  [data-block_51e21e52bada105e50d8b6b9ec7488f1] p {\n    column-count: 1;\n    column-gap: 30px;\n  }\n<\/style>\n<\/div>\n\n\n\n<div class=\"wp-block-column is-layout-flow wp-block-column-is-layout-flow\">\n<h3 class=\"wp-block-heading\">Ansvarlighed<\/h3>\n\n\n<div class=\"text-cols text-cols-columns-1 text-cols align\" data-block_51e21e52bada105e50d8b6b9ec7488f1>\n  \n\n<p>Vi \u00f8nsker at g\u00f8re en vedvarende forskel og anser b\u00e6redygtighed og integritet som foruds\u00e6tninger for LEO Pharmas langsigtede succes.<\/p>\n\n\n\n<ul class=\"wp-block-list\">\n<li>Vi v\u00e6rner om virksomhedens grundl\u00e6ggende v\u00e6rdier og fremmer en kultur baseret p\u00e5 integritet og positiv virksomhedsadf\u00e6rd.<\/li>\n\n\n\n<li>Vi arbejder for at fremme ansvarlig og b\u00e6redygtig virksomhedspraksis.<\/li>\n<\/ul>\n\n\n<\/div>\n\n<style type=\"text\/css\">\n  [data-block_51e21e52bada105e50d8b6b9ec7488f1] p {\n    column-count: 1;\n    column-gap: 30px;\n  }\n<\/style>\n<\/div>\n\n\n\n<div class=\"wp-block-column is-layout-flow wp-block-column-is-layout-flow\">\n<h3 class=\"wp-block-heading\">Ambition<\/h3>\n\n\n<div class=\"text-cols text-cols-columns-1 text-cols align\" data-block_51e21e52bada105e50d8b6b9ec7488f1>\n  \n\n<p>Vi s\u00e6tter barren h\u00f8jt og st\u00f8tter LEO Pharma i at n\u00e5 sit fulde potentiale og forbedre behandlingsstandarden for patienter over hele verden.<\/p>\n\n\n\n<ul class=\"wp-block-list\">\n<li>Vi tilskynder virksomheden til at v\u00e6re p\u00e5 forkant med den videnskabelige udvikling og til at sikre kontinuerlig innovation.<\/li>\n\n\n\n<li>Vi sikrer vedholdende fokus p\u00e5, at virksomheden genererer konkurrencedygtige operationelle og finansielle resultater.<\/li>\n<\/ul>\n\n\n<\/div>\n\n<style type=\"text\/css\">\n  [data-block_51e21e52bada105e50d8b6b9ec7488f1] p {\n    column-count: 1;\n    column-gap: 30px;\n  }\n<\/style>\n<\/div>\n<\/div>\n\n\n\n<div class=\"wp-block-columns is-layout-flex wp-container-core-columns-is-layout-9d6595d7 wp-block-columns-is-layout-flex\">\n<div class=\"wp-block-column is-layout-flow wp-block-column-is-layout-flow\"><div class=\"text-cols text-cols-columns-1 text-cols align\" data-block_51e21e52bada105e50d8b6b9ec7488f1>\n  \n<\/div>\n\n<style type=\"text\/css\">\n  [data-block_51e21e52bada105e50d8b6b9ec7488f1] p {\n    column-count: 1;\n    column-gap: 30px;\n  }\n<\/style>\n\n\n<div class=\"text-cols text-cols-columns-1 text-cols align\" data-block_51e21e52bada105e50d8b6b9ec7488f1>\n  \n\n<p><a href=\"https:\/\/leo-foundation.org.bluebird.pw\/da\/wp-content\/uploads\/2025\/03\/LEO-Foundation-Principles-for-engaged-ownership.pdf\" target=\"_blank\" rel=\"noreferrer noopener\">L\u00e6s LEO Fondets principper for engageret ejerskab som PDF<\/a><\/p>\n\n\n<\/div>\n\n<style type=\"text\/css\">\n  [data-block_51e21e52bada105e50d8b6b9ec7488f1] p {\n    column-count: 1;\n    column-gap: 30px;\n  }\n<\/style>\n<\/div>\n<\/div>\n<\/div><\/div>\n\n\n\n<div class=\"wp-block-group alignfull is-style-pattern-leo-top-bottom has-primary-olive-background-color has-background\"><div class=\"wp-block-group__inner-container is-layout-flow wp-block-group-is-layout-flow\">\n<h2 class=\"wp-block-heading\" id=\"Hvordan-vi-ud\u00f8ver-ejerskab\">Hvordan vi ud\u00f8ver ejerskab<\/h2>\n\n\n\n<div style=\"height:64px\" aria-hidden=\"true\" class=\"wp-block-spacer\"><\/div>\n\n\n\n<div class=\"wp-block-columns is-layout-flex wp-container-core-columns-is-layout-9d6595d7 wp-block-columns-is-layout-flex\">\n<div class=\"wp-block-column is-layout-flow wp-block-column-is-layout-flow\"><div class=\"text-cols text-cols-columns-1 text-cols align\" data-block_51e21e52bada105e50d8b6b9ec7488f1>\n  \n\n<p>LEO Pharmas <a href=\"https:\/\/www.leo-pharma.com\/who-we-are\/our-governance\/board-of-directors\" target=\"_blank\" rel=\"noreferrer noopener\">bestyrelse<\/a> fastl\u00e6gger virksomhedens overordnede strategiske retning og f\u00f8rer tilsyn med virksomhedens daglige ledelse, som varetages af direktionen.<\/p>\n\n\n\n<p>Som majoritetsaktion\u00e6r sikrer LEO Fondet, at bestyrelsen samlet set har den n\u00f8dvendige viden, professionelle kompetencer og praktiske erfaring til p\u00e5 bedst mulig vis at varetage virksomhedens interesser og sikre b\u00e6redygtig v\u00e6rdiskabelse.<\/p>\n\n\n\n<p>LEO Fondet er direkte repr\u00e6senteret med to bestyrelsesmedlemmer i LEO Pharmas bestyrelse og er igennem bestyrelsesmedlemskabet permanent repr\u00e6senteret i Vederlags- og Nomineringskomit\u00e9en.<\/p>\n\n\n<\/div>\n\n<style type=\"text\/css\">\n  [data-block_51e21e52bada105e50d8b6b9ec7488f1] p {\n    column-count: 1;\n    column-gap: 30px;\n  }\n<\/style>\n<\/div>\n\n\n\n<div class=\"wp-block-column is-layout-flow wp-block-column-is-layout-flow\"><div class=\"text-cols text-cols-columns-1 text-cols align\" data-block_51e21e52bada105e50d8b6b9ec7488f1>\n  \n\n<p>Vi engagerer os aktivt med virksomheden p\u00e5 en lang r\u00e6kke omr\u00e5der, heriblandt strategi, finansielle og ikke-finansielle resultater, risikostyring, HR, kultur, vederlag, b\u00e6redygtighed og corporate governance.<\/p>\n\n\n<\/div>\n\n<style type=\"text\/css\">\n  [data-block_51e21e52bada105e50d8b6b9ec7488f1] p {\n    column-count: 1;\n    column-gap: 30px;\n  }\n<\/style>\n<\/div>\n<\/div>\n<\/div><\/div>\n\n\n\n<div class=\"wp-block-group alignfull is-style-pattern-leo-top-bottom has-primary-snow-background-color has-background\"><div class=\"wp-block-group__inner-container is-layout-flow wp-block-group-is-layout-flow\">\n<h2 class=\"wp-block-heading\" id=\"leo-pharma\">LEO Pharma A\/S<\/h2>\n\n\n\n<div style=\"height:64px\" aria-hidden=\"true\" class=\"wp-block-spacer\"><\/div>\n\n\n\n<div class=\"wp-block-columns is-layout-flex wp-container-core-columns-is-layout-9d6595d7 wp-block-columns-is-layout-flex\">\n<div class=\"wp-block-column is-layout-flow wp-block-column-is-layout-flow\"><div class=\"text-cols text-cols-columns-1 text-cols align\" data-block_51e21e52bada105e50d8b6b9ec7488f1>\n  \n\n<p>LEO Pharma er en globalt f\u00f8rende virksomhed inden for medicinsk dermatologi. Virksomheden har en robust pipeline og tilbyder en bred vifte af behandlinger og behandlingstyper. LEO Pharma blev dannet i 1908 som Danmarks f\u00f8rste medicinalvirksomhed \u2013 og med en h\u00f8j innovationsgrad har man i \u00e5rtier drevet forskning og udvikling for at kunne tilbyde nye innovative behandlinger til patienter med hudsygdomme.<\/p>\n\n\n<\/div>\n\n<style type=\"text\/css\">\n  [data-block_51e21e52bada105e50d8b6b9ec7488f1] p {\n    column-count: 1;\n    column-gap: 30px;\n  }\n<\/style>\n<\/div>\n\n\n\n<div class=\"wp-block-column is-layout-flow wp-block-column-is-layout-flow\">\n<figure class=\"wp-block-image size-large\"><img loading=\"lazy\" decoding=\"async\" width=\"1024\" height=\"682\" src=\"https:\/\/leo-foundation.org.bluebird.pw\/da\/wp-content\/uploads\/2021\/06\/Headquarters_NeonLogo_DK_Ballerup_Evening_close-up_cropped-10-1024x682.jpg\" alt=\"\" class=\"wp-image-3944\" srcset=\"https:\/\/leo-foundation.org.bluebird.pw\/da\/wp-content\/uploads\/2021\/06\/Headquarters_NeonLogo_DK_Ballerup_Evening_close-up_cropped-10-1024x682.jpg 1024w, https:\/\/leo-foundation.org.bluebird.pw\/da\/wp-content\/uploads\/2021\/06\/Headquarters_NeonLogo_DK_Ballerup_Evening_close-up_cropped-10-300x200.jpg 300w, https:\/\/leo-foundation.org.bluebird.pw\/da\/wp-content\/uploads\/2021\/06\/Headquarters_NeonLogo_DK_Ballerup_Evening_close-up_cropped-10-768x512.jpg 768w, https:\/\/leo-foundation.org.bluebird.pw\/da\/wp-content\/uploads\/2021\/06\/Headquarters_NeonLogo_DK_Ballerup_Evening_close-up_cropped-10-1536x1024.jpg 1536w, https:\/\/leo-foundation.org.bluebird.pw\/da\/wp-content\/uploads\/2021\/06\/Headquarters_NeonLogo_DK_Ballerup_Evening_close-up_cropped-10-2048x1365.jpg 2048w, https:\/\/leo-foundation.org.bluebird.pw\/da\/wp-content\/uploads\/2021\/06\/Headquarters_NeonLogo_DK_Ballerup_Evening_close-up_cropped-10-960x640.jpg 960w, https:\/\/leo-foundation.org.bluebird.pw\/da\/wp-content\/uploads\/2021\/06\/Headquarters_NeonLogo_DK_Ballerup_Evening_close-up_cropped-10-480x320.jpg 480w\" sizes=\"auto, (max-width: 1024px) 100vw, 1024px\" \/><figcaption class=\"wp-element-caption\">LEO Pharma headquarters<\/figcaption><\/figure>\n<\/div>\n<\/div>\n\n\n\n<div class=\"wp-block-columns is-layout-flex wp-container-core-columns-is-layout-9d6595d7 wp-block-columns-is-layout-flex\">\n<div class=\"wp-block-column is-layout-flow wp-block-column-is-layout-flow\">\n<div class=\"wp-block-buttons is-layout-flex wp-block-buttons-is-layout-flex\">\n<div class=\"wp-block-button is-style-fill\"><a class=\"wp-block-button__link has-primary-coal-color has-primary-peach-background-color has-text-color has-background wp-element-button\" href=\"https:\/\/leo-pharma.com\/\" target=\"_blank\" rel=\"# noopener\">Bes\u00f8g LEO Pharma<\/a><\/div>\n<\/div>\n<\/div>\n<\/div>\n\n\n<div class=\"text-cols text-cols-columns-1 text-cols align\" data-block_51e21e52bada105e50d8b6b9ec7488f1>\n  \n<\/div>\n\n<style type=\"text\/css\">\n  [data-block_51e21e52bada105e50d8b6b9ec7488f1] p {\n    column-count: 1;\n    column-gap: 30px;\n  }\n<\/style>\n<\/div><\/div>\n\n\n\n<div class=\"wp-block-group alignfull is-style-pattern-leo-top-bottom has-primary-olive-background-color has-background\"><div class=\"wp-block-group__inner-container is-layout-flow wp-block-group-is-layout-flow\">\n<h2 class=\"wp-block-heading\" id=\"leo-gruppen\">LEO Gruppen<\/h2>\n\n\n\n<div style=\"height:64px\" aria-hidden=\"true\" class=\"wp-block-spacer\"><\/div>\n\n\n\n<div class=\"wp-block-columns is-layout-flex wp-container-core-columns-is-layout-9d6595d7 wp-block-columns-is-layout-flex\">\n<div class=\"wp-block-column is-layout-flow wp-block-column-is-layout-flow\"><div class=\"text-cols text-cols-columns-1 text-cols align\" data-block_51e21e52bada105e50d8b6b9ec7488f1>\n  \n\n<p>LEO Gruppen best\u00e5r af LEO Fondet, LEO Holding A\/S og LEO Pharma A\/S, inklusive selskabets danske og internationale datterselskaber (tilsammen LEO Pharma Gruppen).<\/p>\n\n\n<\/div>\n\n<style type=\"text\/css\">\n  [data-block_51e21e52bada105e50d8b6b9ec7488f1] p {\n    column-count: 1;\n    column-gap: 30px;\n  }\n<\/style>\n\n\n\n<div style=\"height:29px\" aria-hidden=\"true\" class=\"wp-block-spacer\"><\/div>\n\n\n\n<figure class=\"wp-block-image size-full\"><img loading=\"lazy\" decoding=\"async\" width=\"442\" height=\"375\" src=\"https:\/\/leo-foundation.org.bluebird.pw\/da\/wp-content\/uploads\/2024\/08\/LEO-Group-DA.png\" alt=\"\" class=\"wp-image-6355\" srcset=\"https:\/\/leo-foundation.org.bluebird.pw\/da\/wp-content\/uploads\/2024\/08\/LEO-Group-DA.png 442w, https:\/\/leo-foundation.org.bluebird.pw\/da\/wp-content\/uploads\/2024\/08\/LEO-Group-DA-300x255.png 300w\" sizes=\"auto, (max-width: 442px) 100vw, 442px\" \/><\/figure>\n\n\n\n<div style=\"height:51px\" aria-hidden=\"true\" class=\"wp-block-spacer\"><\/div>\n\n\n<div class=\"text-cols text-cols-columns-1 text-cols align\" data-block_51e21e52bada105e50d8b6b9ec7488f1>\n  \n\n<p>LEO Pharma er en privatejet virksomhed, og LEO Fondet (via LEO Holding A\/S) ejer omkring 80 % af aktierne og stemmerettighederne i LEO Pharma. De resterende aktier ejes af kapitalfonden <a href=\"https:\/\/www.nordiccapital.com\/\" target=\"_blank\" rel=\"noreferrer noopener\">Nordic Capital<\/a>, der er en aktiv og erfaren investor inden for sundhedsomr\u00e5det p\u00e5 globalt plan. LEO Fondet har etableret et 100 % ejet datterselskab, LEO Holding A\/S, til at varetage LEO Fondets investeringsaktiviteter, inkl. ejerskabet af LEO Pharma. LEO Holding ledes af den samme bestyrelse og direktion som LEO Fondet.<\/p>\n\n\n<\/div>\n\n<style type=\"text\/css\">\n  [data-block_51e21e52bada105e50d8b6b9ec7488f1] p {\n    column-count: 1;\n    column-gap: 30px;\n  }\n<\/style>\n<\/div>\n\n\n\n<div class=\"wp-block-column is-layout-flow wp-block-column-is-layout-flow\"><\/div>\n<\/div>\n<\/div><\/div>\n","protected":false},"excerpt":{"rendered":"<p>Engageret ejerskab Det engagerede ejerskab er baseret p\u00e5 tre hovedprincipper, som guider vores handlinger og adf\u00e6rd Dedikation Ansvarlighed Ambition Hvordan vi ud\u00f8ver ejerskab LEO Pharma A\/S LEO Gruppen<\/p>\n","protected":false},"author":4,"featured_media":0,"parent":0,"menu_order":4,"comment_status":"closed","ping_status":"closed","template":"","meta":{"_acf_changed":false,"inline_featured_image":false,"footnotes":""},"class_list":["post-943","page","type-page","status-publish","hentry"],"acf":[],"yoast_head":"<!-- This site is optimized with the Yoast SEO plugin v27.3 - https:\/\/yoast.com\/product\/yoast-seo-wordpress\/ -->\n<title>Ejerskab - LEO Fondet<\/title>\n<meta name=\"robots\" content=\"noindex, follow, max-snippet:-1, max-image-preview:large, max-video-preview:-1\" \/>\n<meta property=\"og:locale\" content=\"da_DK\" \/>\n<meta property=\"og:type\" content=\"article\" \/>\n<meta property=\"og:title\" content=\"Ejerskab - LEO Fondet\" \/>\n<meta property=\"og:description\" content=\"Engageret ejerskab Det engagerede ejerskab er baseret p\u00e5 tre hovedprincipper, som guider vores handlinger og adf\u00e6rd Dedikation Ansvarlighed Ambition Hvordan vi ud\u00f8ver ejerskab LEO Pharma A\/S LEO Gruppen\" \/>\n<meta property=\"og:url\" content=\"https:\/\/leo-foundation.org.bluebird.pw\/da\/ejerskab\/\" \/>\n<meta property=\"og:site_name\" content=\"LEO Fondet\" \/>\n<meta property=\"article:modified_time\" content=\"2025-03-28T09:45:32+00:00\" \/>\n<meta property=\"og:image\" content=\"https:\/\/leo-foundation.org.bluebird.pw\/da\/wp-content\/uploads\/2020\/12\/Headquarters_P0_DK_Ballerup_Glass_Stairs_Lo-res-scaled.jpg\" \/>\n\t<meta property=\"og:image:width\" content=\"2560\" \/>\n\t<meta property=\"og:image:height\" content=\"1696\" \/>\n\t<meta property=\"og:image:type\" content=\"image\/jpeg\" \/>\n<meta name=\"twitter:card\" content=\"summary_large_image\" \/>\n<meta name=\"twitter:label1\" content=\"Estimeret l\u00e6setid\" \/>\n\t<meta name=\"twitter:data1\" content=\"4 minutter\" \/>\n<script type=\"application\/ld+json\" class=\"yoast-schema-graph\">{\"@context\":\"https:\\\/\\\/schema.org\",\"@graph\":[{\"@type\":\"WebPage\",\"@id\":\"https:\\\/\\\/leo-foundation.org.bluebird.pw\\\/da\\\/ejerskab\\\/\",\"url\":\"https:\\\/\\\/leo-foundation.org.bluebird.pw\\\/da\\\/ejerskab\\\/\",\"name\":\"Ejerskab - LEO Fondet\",\"isPartOf\":{\"@id\":\"https:\\\/\\\/leo-foundation.org.bluebird.pw\\\/da\\\/#website\"},\"primaryImageOfPage\":{\"@id\":\"https:\\\/\\\/leo-foundation.org.bluebird.pw\\\/da\\\/ejerskab\\\/#primaryimage\"},\"image\":{\"@id\":\"https:\\\/\\\/leo-foundation.org.bluebird.pw\\\/da\\\/ejerskab\\\/#primaryimage\"},\"thumbnailUrl\":\"https:\\\/\\\/leo-foundation.org.bluebird.pw\\\/da\\\/wp-content\\\/uploads\\\/2020\\\/12\\\/Headquarters_P0_DK_Ballerup_Glass_Stairs_Lo-res-1024x679.jpg\",\"datePublished\":\"2020-09-25T11:32:11+00:00\",\"dateModified\":\"2025-03-28T09:45:32+00:00\",\"breadcrumb\":{\"@id\":\"https:\\\/\\\/leo-foundation.org.bluebird.pw\\\/da\\\/ejerskab\\\/#breadcrumb\"},\"inLanguage\":\"da-DK\",\"potentialAction\":[{\"@type\":\"ReadAction\",\"target\":[\"https:\\\/\\\/leo-foundation.org.bluebird.pw\\\/da\\\/ejerskab\\\/\"]}]},{\"@type\":\"ImageObject\",\"inLanguage\":\"da-DK\",\"@id\":\"https:\\\/\\\/leo-foundation.org.bluebird.pw\\\/da\\\/ejerskab\\\/#primaryimage\",\"url\":\"https:\\\/\\\/leo-foundation.org.bluebird.pw\\\/da\\\/wp-content\\\/uploads\\\/2020\\\/12\\\/Headquarters_P0_DK_Ballerup_Glass_Stairs_Lo-res-1024x679.jpg\",\"contentUrl\":\"https:\\\/\\\/leo-foundation.org.bluebird.pw\\\/da\\\/wp-content\\\/uploads\\\/2020\\\/12\\\/Headquarters_P0_DK_Ballerup_Glass_Stairs_Lo-res-1024x679.jpg\"},{\"@type\":\"BreadcrumbList\",\"@id\":\"https:\\\/\\\/leo-foundation.org.bluebird.pw\\\/da\\\/ejerskab\\\/#breadcrumb\",\"itemListElement\":[{\"@type\":\"ListItem\",\"position\":1,\"name\":\"Forside\",\"item\":\"https:\\\/\\\/leo-foundation.org.bluebird.pw\\\/da\\\/\"},{\"@type\":\"ListItem\",\"position\":2,\"name\":\"Ejerskab\"}]},{\"@type\":\"WebSite\",\"@id\":\"https:\\\/\\\/leo-foundation.org.bluebird.pw\\\/da\\\/#website\",\"url\":\"https:\\\/\\\/leo-foundation.org.bluebird.pw\\\/da\\\/\",\"name\":\"LEO Fondet\",\"description\":\"Endnu en WordPress-blog\",\"potentialAction\":[{\"@type\":\"SearchAction\",\"target\":{\"@type\":\"EntryPoint\",\"urlTemplate\":\"https:\\\/\\\/leo-foundation.org.bluebird.pw\\\/da\\\/?s={search_term_string}\"},\"query-input\":{\"@type\":\"PropertyValueSpecification\",\"valueRequired\":true,\"valueName\":\"search_term_string\"}}],\"inLanguage\":\"da-DK\"}]}<\/script>\n<!-- \/ Yoast SEO plugin. -->","yoast_head_json":{"title":"Ejerskab - LEO Fondet","robots":{"index":"noindex","follow":"follow","max-snippet":"max-snippet:-1","max-image-preview":"max-image-preview:large","max-video-preview":"max-video-preview:-1"},"og_locale":"da_DK","og_type":"article","og_title":"Ejerskab - LEO Fondet","og_description":"Engageret ejerskab Det engagerede ejerskab er baseret p\u00e5 tre hovedprincipper, som guider vores handlinger og adf\u00e6rd Dedikation Ansvarlighed Ambition Hvordan vi ud\u00f8ver ejerskab LEO Pharma A\/S LEO Gruppen","og_url":"https:\/\/leo-foundation.org.bluebird.pw\/da\/ejerskab\/","og_site_name":"LEO Fondet","article_modified_time":"2025-03-28T09:45:32+00:00","og_image":[{"width":2560,"height":1696,"url":"https:\/\/leo-foundation.org.bluebird.pw\/da\/wp-content\/uploads\/2020\/12\/Headquarters_P0_DK_Ballerup_Glass_Stairs_Lo-res-scaled.jpg","type":"image\/jpeg"}],"twitter_card":"summary_large_image","twitter_misc":{"Estimeret l\u00e6setid":"4 minutter"},"schema":{"@context":"https:\/\/schema.org","@graph":[{"@type":"WebPage","@id":"https:\/\/leo-foundation.org.bluebird.pw\/da\/ejerskab\/","url":"https:\/\/leo-foundation.org.bluebird.pw\/da\/ejerskab\/","name":"Ejerskab - LEO Fondet","isPartOf":{"@id":"https:\/\/leo-foundation.org.bluebird.pw\/da\/#website"},"primaryImageOfPage":{"@id":"https:\/\/leo-foundation.org.bluebird.pw\/da\/ejerskab\/#primaryimage"},"image":{"@id":"https:\/\/leo-foundation.org.bluebird.pw\/da\/ejerskab\/#primaryimage"},"thumbnailUrl":"https:\/\/leo-foundation.org.bluebird.pw\/da\/wp-content\/uploads\/2020\/12\/Headquarters_P0_DK_Ballerup_Glass_Stairs_Lo-res-1024x679.jpg","datePublished":"2020-09-25T11:32:11+00:00","dateModified":"2025-03-28T09:45:32+00:00","breadcrumb":{"@id":"https:\/\/leo-foundation.org.bluebird.pw\/da\/ejerskab\/#breadcrumb"},"inLanguage":"da-DK","potentialAction":[{"@type":"ReadAction","target":["https:\/\/leo-foundation.org.bluebird.pw\/da\/ejerskab\/"]}]},{"@type":"ImageObject","inLanguage":"da-DK","@id":"https:\/\/leo-foundation.org.bluebird.pw\/da\/ejerskab\/#primaryimage","url":"https:\/\/leo-foundation.org.bluebird.pw\/da\/wp-content\/uploads\/2020\/12\/Headquarters_P0_DK_Ballerup_Glass_Stairs_Lo-res-1024x679.jpg","contentUrl":"https:\/\/leo-foundation.org.bluebird.pw\/da\/wp-content\/uploads\/2020\/12\/Headquarters_P0_DK_Ballerup_Glass_Stairs_Lo-res-1024x679.jpg"},{"@type":"BreadcrumbList","@id":"https:\/\/leo-foundation.org.bluebird.pw\/da\/ejerskab\/#breadcrumb","itemListElement":[{"@type":"ListItem","position":1,"name":"Forside","item":"https:\/\/leo-foundation.org.bluebird.pw\/da\/"},{"@type":"ListItem","position":2,"name":"Ejerskab"}]},{"@type":"WebSite","@id":"https:\/\/leo-foundation.org.bluebird.pw\/da\/#website","url":"https:\/\/leo-foundation.org.bluebird.pw\/da\/","name":"LEO Fondet","description":"Endnu en WordPress-blog","potentialAction":[{"@type":"SearchAction","target":{"@type":"EntryPoint","urlTemplate":"https:\/\/leo-foundation.org.bluebird.pw\/da\/?s={search_term_string}"},"query-input":{"@type":"PropertyValueSpecification","valueRequired":true,"valueName":"search_term_string"}}],"inLanguage":"da-DK"}]}},"distributor_meta":false,"distributor_terms":false,"distributor_media":false,"distributor_original_site_name":"LEO Fondet","distributor_original_site_url":"https:\/\/leo-foundation.org.bluebird.pw\/da","push-errors":false,"_links":{"self":[{"href":"https:\/\/leo-foundation.org.bluebird.pw\/da\/wp-json\/wp\/v2\/pages\/943","targetHints":{"allow":["GET"]}}],"collection":[{"href":"https:\/\/leo-foundation.org.bluebird.pw\/da\/wp-json\/wp\/v2\/pages"}],"about":[{"href":"https:\/\/leo-foundation.org.bluebird.pw\/da\/wp-json\/wp\/v2\/types\/page"}],"author":[{"embeddable":true,"href":"https:\/\/leo-foundation.org.bluebird.pw\/da\/wp-json\/wp\/v2\/users\/4"}],"replies":[{"embeddable":true,"href":"https:\/\/leo-foundation.org.bluebird.pw\/da\/wp-json\/wp\/v2\/comments?post=943"}],"version-history":[{"count":115,"href":"https:\/\/leo-foundation.org.bluebird.pw\/da\/wp-json\/wp\/v2\/pages\/943\/revisions"}],"predecessor-version":[{"id":6769,"href":"https:\/\/leo-foundation.org.bluebird.pw\/da\/wp-json\/wp\/v2\/pages\/943\/revisions\/6769"}],"wp:attachment":[{"href":"https:\/\/leo-foundation.org.bluebird.pw\/da\/wp-json\/wp\/v2\/media?parent=943"}],"curies":[{"name":"wp","href":"https:\/\/api.w.org\/{rel}","templated":true}]}}