{"id":5790,"date":"2023-12-13T11:05:04","date_gmt":"2023-12-13T10:05:04","guid":{"rendered":"https:\/\/leo-foundation.org.bluebird.pw\/da\/?page_id=5790"},"modified":"2025-05-16T12:10:27","modified_gmt":"2025-05-16T10:10:27","slug":"fondet-som-arbejdsplads","status":"publish","type":"page","link":"https:\/\/leo-foundation.org.bluebird.pw\/da\/om-os\/organisation\/fondet-som-arbejdsplads\/","title":{"rendered":"Fondet som arbejdsplads"},"content":{"rendered":"\n<div class=\"wp-block-group alignfull is-style-pattern-leo-center has-secondary-olive-background-color has-background\"><div class=\"wp-block-group__inner-container is-layout-flow wp-block-group-is-layout-flow\">\n<div style=\"height:50px\" aria-hidden=\"true\" class=\"wp-block-spacer\"><\/div>\n\n\n\n<h1 class=\"wp-block-heading\">Fondet som arbejdsplads<\/h1>\n\n\n\n<div style=\"height:53px\" aria-hidden=\"true\" class=\"wp-block-spacer\"><\/div>\n\n\n\n<figure class=\"wp-block-image size-large\"><img loading=\"lazy\" decoding=\"async\" width=\"1024\" height=\"536\" src=\"https:\/\/leo-foundation.org.bluebird.pw\/da\/wp-content\/uploads\/2024\/06\/Topbillede-hjemmeside-1024x536.png\" alt=\"\" class=\"wp-image-6283\" srcset=\"https:\/\/leo-foundation.org.bluebird.pw\/da\/wp-content\/uploads\/2024\/06\/Topbillede-hjemmeside-1024x536.png 1024w, https:\/\/leo-foundation.org.bluebird.pw\/da\/wp-content\/uploads\/2024\/06\/Topbillede-hjemmeside-300x157.png 300w, https:\/\/leo-foundation.org.bluebird.pw\/da\/wp-content\/uploads\/2024\/06\/Topbillede-hjemmeside-768x402.png 768w, https:\/\/leo-foundation.org.bluebird.pw\/da\/wp-content\/uploads\/2024\/06\/Topbillede-hjemmeside-960x502.png 960w, https:\/\/leo-foundation.org.bluebird.pw\/da\/wp-content\/uploads\/2024\/06\/Topbillede-hjemmeside.png 1200w\" sizes=\"auto, (max-width: 1024px) 100vw, 1024px\" \/><\/figure>\n<\/div><\/div>\n\n\n\n<div class=\"wp-block-group alignfull is-style-default has-primary-snow-background-color has-background\"><div class=\"wp-block-group__inner-container is-layout-flow wp-block-group-is-layout-flow\">\n<div class=\"wp-block-group is-style-pattern-leo-top-bottom\"><div class=\"wp-block-group__inner-container is-layout-flow wp-block-group-is-layout-flow\">\n<div class=\"wp-block-columns is-layout-flex wp-container-core-columns-is-layout-9d6595d7 wp-block-columns-is-layout-flex\">\n<div class=\"wp-block-column is-layout-flow wp-block-column-is-layout-flow\"><div class=\"text-cols text-cols-columns-1 text-cols align\" data-block_64302ef4c4e469cb7b21899e6a3df3f6>\n  \n\n<p>LEO Fondet er en engageret og professionel arbejdsplads med et arbejdsmilj\u00f8, der bygger p\u00e5 klare v\u00e6rdier og et st\u00e6rkt form\u00e5l.<\/p>\n\n\n\n<p>Vi er en forholdsvis lille organisation med et engageret team p\u00e5 under 20 medarbejdere, beliggende i Nordhavn i K\u00f8benhavn. Her er vi drevet af en f\u00e6lles ambition om at bidrage til at forbedre livet for mennesker, der lever med hudsygdomme. Vi er inspireret af, at alt, hvad vi arbejder med \u2013 vores filantropiske aktiviteter, ejerskabet af LEO Pharma samt vores finansielle investeringer \u2013 skal v\u00e6re med til at bane vejen for at kurere hudsygdomme.<\/p>\n\n\n\n<p>Vi er bevidste om, at det er os selv, der skaber LEO Fondets muligheder og fremgang, og vi arbejder med et udviklende mindset. Vi er gode til at arbejde sammen p\u00e5 tv\u00e6rs af funktioner, fagomr\u00e5der og opgaver og efterlever vores v\u00e6rdier; integritet, dedikation og ambition.<\/p>\n\n\n\n<p><strong>Et b\u00e6redygtigt arbejdsliv<\/strong><\/p>\n\n\n\n<p>Vores medarbejdere er vores mest v\u00e6rdifulde ressource og er altafg\u00f8rende for, at vi opn\u00e5r vores m\u00e5l. Vi arbejder m\u00e5lrettet p\u00e5 at udvikle og forbedre vores arbejdsplads, og vi har i de senere \u00e5r sat endnu st\u00f8rre fokus p\u00e5 vores medarbejderes generelle sundhed og trivsel.<\/p>\n\n\n\n<p>Vi g\u00f8r vores bedste for at skabe en sund og motiverende arbejdsplads, hvor vi er glade for at g\u00e5 p\u00e5 arbejde, og hvor der er plads til medarbejdere p\u00e5 forskellige karrierestadier og i forskellige livssituationer.<\/p>\n\n\n\n<p>En konkurrencedygtig l\u00f8n, der afspejler f\u00e6rdigheder og arbejdsopgaver, gode barsels- og seniorvilk\u00e5r, pensionsbidrag, sundhedsforsikring, tilbud om helbredsunders\u00f8gelse og influenzavaccination er ogs\u00e5 vigtige elementer. I det daglige nyder vi desuden en sund frokostordning.<\/p>\n\n\n\n<p>Samtidig \u00f8nsker vi at underst\u00f8tte en sund balance mellem arbejdsliv og privatliv, og fleksibilitet er derfor en naturlig del af vores arbejdsrytme. Vi har fokus p\u00e5 at l\u00f8se vores opgaver \u2013 hvor og hvorn\u00e5r er ikke s\u00e5 vigtigt.<\/p>\n\n\n\n<p>Vi l\u00e6gger v\u00e6gt p\u00e5 muligheder for personlig og faglig udvikling som afs\u00e6t for et sundt arbejdsliv. Gennem vores \u00e5rlige medarbejderudviklingssamtaler identificerer og planl\u00e6gger vi individuelle udviklingsmuligheder.<\/p>\n\n\n\n<p>At have fokus p\u00e5 at skabe et godt team, hvor vi kommer hinanden ved b\u00e5de fagligt og socialt, er ogs\u00e5 et v\u00e6sentligt element for os. Vi har faste f\u00e6llesm\u00f8der og \u2019lunch and learn\u2019-arrangementer med faglige indspark, og vi har j\u00e6vnligt sociale arrangementer for at fremme f\u00e6llesskabet &#8211; s\u00e5som middage, teambuilding-events og det \u00e5rlige medarbejderseminar med overnatning.<\/p>\n\n\n\n<div style=\"height:35px\" aria-hidden=\"true\" class=\"wp-block-spacer\"><\/div>\n\n\n\n<div class=\"wp-block-buttons is-layout-flex wp-block-buttons-is-layout-flex\">\n<div class=\"wp-block-button\"><a class=\"wp-block-button__link has-primary-coal-color has-primary-peach-background-color has-text-color has-background wp-element-button\" href=\"https:\/\/leo-foundation.org.bluebird.pw\/da\/om-os\/organisation\/#team\">M\u00f8d vores medarbejdere<\/a><\/div>\n<\/div>\n\n\n<\/div>\n\n<style type=\"text\/css\">\n  [data-block_64302ef4c4e469cb7b21899e6a3df3f6] p {\n    column-count: 1;\n    column-gap: 30px;\n  }\n<\/style>\n<\/div>\n<\/div>\n<\/div><\/div>\n<\/div><\/div>\n","protected":false},"excerpt":{"rendered":"<p>Fondet som arbejdsplads<\/p>\n","protected":false},"author":4,"featured_media":0,"parent":387,"menu_order":5,"comment_status":"closed","ping_status":"closed","template":"","meta":{"_acf_changed":false,"inline_featured_image":false,"footnotes":""},"class_list":["post-5790","page","type-page","status-publish","hentry"],"acf":[],"yoast_head":"<!-- This site is optimized with the Yoast SEO plugin v27.3 - https:\/\/yoast.com\/product\/yoast-seo-wordpress\/ -->\n<title>Fondet som arbejdsplads - LEO Fondet<\/title>\n<meta name=\"robots\" content=\"noindex, follow, max-snippet:-1, max-image-preview:large, max-video-preview:-1\" \/>\n<meta property=\"og:locale\" content=\"da_DK\" \/>\n<meta property=\"og:type\" content=\"article\" \/>\n<meta property=\"og:title\" content=\"Fondet som arbejdsplads - LEO Fondet\" \/>\n<meta property=\"og:description\" content=\"Fondet som arbejdsplads\" \/>\n<meta property=\"og:url\" content=\"https:\/\/leo-foundation.org.bluebird.pw\/da\/om-os\/organisation\/fondet-som-arbejdsplads\/\" \/>\n<meta property=\"og:site_name\" content=\"LEO Fondet\" \/>\n<meta property=\"article:modified_time\" content=\"2025-05-16T10:10:27+00:00\" \/>\n<meta property=\"og:image\" content=\"https:\/\/leo-foundation.org.bluebird.pw\/da\/wp-content\/uploads\/2024\/06\/Topbillede-hjemmeside.png\" \/>\n\t<meta property=\"og:image:width\" content=\"1200\" \/>\n\t<meta property=\"og:image:height\" content=\"628\" \/>\n\t<meta property=\"og:image:type\" content=\"image\/png\" \/>\n<meta name=\"twitter:card\" content=\"summary_large_image\" \/>\n<meta name=\"twitter:label1\" content=\"Estimeret l\u00e6setid\" \/>\n\t<meta name=\"twitter:data1\" content=\"3 minutter\" \/>\n<script type=\"application\/ld+json\" class=\"yoast-schema-graph\">{\"@context\":\"https:\\\/\\\/schema.org\",\"@graph\":[{\"@type\":\"WebPage\",\"@id\":\"https:\\\/\\\/leo-foundation.org.bluebird.pw\\\/da\\\/om-os\\\/organisation\\\/fondet-som-arbejdsplads\\\/\",\"url\":\"https:\\\/\\\/leo-foundation.org.bluebird.pw\\\/da\\\/om-os\\\/organisation\\\/fondet-som-arbejdsplads\\\/\",\"name\":\"Fondet som arbejdsplads - LEO Fondet\",\"isPartOf\":{\"@id\":\"https:\\\/\\\/leo-foundation.org.bluebird.pw\\\/da\\\/#website\"},\"primaryImageOfPage\":{\"@id\":\"https:\\\/\\\/leo-foundation.org.bluebird.pw\\\/da\\\/om-os\\\/organisation\\\/fondet-som-arbejdsplads\\\/#primaryimage\"},\"image\":{\"@id\":\"https:\\\/\\\/leo-foundation.org.bluebird.pw\\\/da\\\/om-os\\\/organisation\\\/fondet-som-arbejdsplads\\\/#primaryimage\"},\"thumbnailUrl\":\"https:\\\/\\\/leo-foundation.org.bluebird.pw\\\/da\\\/wp-content\\\/uploads\\\/2024\\\/06\\\/Topbillede-hjemmeside-1024x536.png\",\"datePublished\":\"2023-12-13T10:05:04+00:00\",\"dateModified\":\"2025-05-16T10:10:27+00:00\",\"breadcrumb\":{\"@id\":\"https:\\\/\\\/leo-foundation.org.bluebird.pw\\\/da\\\/om-os\\\/organisation\\\/fondet-som-arbejdsplads\\\/#breadcrumb\"},\"inLanguage\":\"da-DK\",\"potentialAction\":[{\"@type\":\"ReadAction\",\"target\":[\"https:\\\/\\\/leo-foundation.org.bluebird.pw\\\/da\\\/om-os\\\/organisation\\\/fondet-som-arbejdsplads\\\/\"]}]},{\"@type\":\"ImageObject\",\"inLanguage\":\"da-DK\",\"@id\":\"https:\\\/\\\/leo-foundation.org.bluebird.pw\\\/da\\\/om-os\\\/organisation\\\/fondet-som-arbejdsplads\\\/#primaryimage\",\"url\":\"https:\\\/\\\/leo-foundation.org.bluebird.pw\\\/da\\\/wp-content\\\/uploads\\\/2024\\\/06\\\/Topbillede-hjemmeside.png\",\"contentUrl\":\"https:\\\/\\\/leo-foundation.org.bluebird.pw\\\/da\\\/wp-content\\\/uploads\\\/2024\\\/06\\\/Topbillede-hjemmeside.png\",\"width\":1200,\"height\":628},{\"@type\":\"BreadcrumbList\",\"@id\":\"https:\\\/\\\/leo-foundation.org.bluebird.pw\\\/da\\\/om-os\\\/organisation\\\/fondet-som-arbejdsplads\\\/#breadcrumb\",\"itemListElement\":[{\"@type\":\"ListItem\",\"position\":1,\"name\":\"Forside\",\"item\":\"https:\\\/\\\/leo-foundation.org.bluebird.pw\\\/da\\\/\"},{\"@type\":\"ListItem\",\"position\":2,\"name\":\"Om os\",\"item\":\"https:\\\/\\\/leo-foundation.org.bluebird.pw\\\/da\\\/om-os\\\/\"},{\"@type\":\"ListItem\",\"position\":3,\"name\":\"Organisation\",\"item\":\"https:\\\/\\\/leo-foundation.org.bluebird.pw\\\/da\\\/om-os\\\/organisation\\\/\"},{\"@type\":\"ListItem\",\"position\":4,\"name\":\"Fondet som arbejdsplads\"}]},{\"@type\":\"WebSite\",\"@id\":\"https:\\\/\\\/leo-foundation.org.bluebird.pw\\\/da\\\/#website\",\"url\":\"https:\\\/\\\/leo-foundation.org.bluebird.pw\\\/da\\\/\",\"name\":\"LEO Fondet\",\"description\":\"Endnu en WordPress-blog\",\"potentialAction\":[{\"@type\":\"SearchAction\",\"target\":{\"@type\":\"EntryPoint\",\"urlTemplate\":\"https:\\\/\\\/leo-foundation.org.bluebird.pw\\\/da\\\/?s={search_term_string}\"},\"query-input\":{\"@type\":\"PropertyValueSpecification\",\"valueRequired\":true,\"valueName\":\"search_term_string\"}}],\"inLanguage\":\"da-DK\"}]}<\/script>\n<!-- \/ Yoast SEO plugin. -->","yoast_head_json":{"title":"Fondet som arbejdsplads - LEO Fondet","robots":{"index":"noindex","follow":"follow","max-snippet":"max-snippet:-1","max-image-preview":"max-image-preview:large","max-video-preview":"max-video-preview:-1"},"og_locale":"da_DK","og_type":"article","og_title":"Fondet som arbejdsplads - LEO Fondet","og_description":"Fondet som arbejdsplads","og_url":"https:\/\/leo-foundation.org.bluebird.pw\/da\/om-os\/organisation\/fondet-som-arbejdsplads\/","og_site_name":"LEO Fondet","article_modified_time":"2025-05-16T10:10:27+00:00","og_image":[{"width":1200,"height":628,"url":"https:\/\/leo-foundation.org.bluebird.pw\/da\/wp-content\/uploads\/2024\/06\/Topbillede-hjemmeside.png","type":"image\/png"}],"twitter_card":"summary_large_image","twitter_misc":{"Estimeret l\u00e6setid":"3 minutter"},"schema":{"@context":"https:\/\/schema.org","@graph":[{"@type":"WebPage","@id":"https:\/\/leo-foundation.org.bluebird.pw\/da\/om-os\/organisation\/fondet-som-arbejdsplads\/","url":"https:\/\/leo-foundation.org.bluebird.pw\/da\/om-os\/organisation\/fondet-som-arbejdsplads\/","name":"Fondet som arbejdsplads - LEO Fondet","isPartOf":{"@id":"https:\/\/leo-foundation.org.bluebird.pw\/da\/#website"},"primaryImageOfPage":{"@id":"https:\/\/leo-foundation.org.bluebird.pw\/da\/om-os\/organisation\/fondet-som-arbejdsplads\/#primaryimage"},"image":{"@id":"https:\/\/leo-foundation.org.bluebird.pw\/da\/om-os\/organisation\/fondet-som-arbejdsplads\/#primaryimage"},"thumbnailUrl":"https:\/\/leo-foundation.org.bluebird.pw\/da\/wp-content\/uploads\/2024\/06\/Topbillede-hjemmeside-1024x536.png","datePublished":"2023-12-13T10:05:04+00:00","dateModified":"2025-05-16T10:10:27+00:00","breadcrumb":{"@id":"https:\/\/leo-foundation.org.bluebird.pw\/da\/om-os\/organisation\/fondet-som-arbejdsplads\/#breadcrumb"},"inLanguage":"da-DK","potentialAction":[{"@type":"ReadAction","target":["https:\/\/leo-foundation.org.bluebird.pw\/da\/om-os\/organisation\/fondet-som-arbejdsplads\/"]}]},{"@type":"ImageObject","inLanguage":"da-DK","@id":"https:\/\/leo-foundation.org.bluebird.pw\/da\/om-os\/organisation\/fondet-som-arbejdsplads\/#primaryimage","url":"https:\/\/leo-foundation.org.bluebird.pw\/da\/wp-content\/uploads\/2024\/06\/Topbillede-hjemmeside.png","contentUrl":"https:\/\/leo-foundation.org.bluebird.pw\/da\/wp-content\/uploads\/2024\/06\/Topbillede-hjemmeside.png","width":1200,"height":628},{"@type":"BreadcrumbList","@id":"https:\/\/leo-foundation.org.bluebird.pw\/da\/om-os\/organisation\/fondet-som-arbejdsplads\/#breadcrumb","itemListElement":[{"@type":"ListItem","position":1,"name":"Forside","item":"https:\/\/leo-foundation.org.bluebird.pw\/da\/"},{"@type":"ListItem","position":2,"name":"Om os","item":"https:\/\/leo-foundation.org.bluebird.pw\/da\/om-os\/"},{"@type":"ListItem","position":3,"name":"Organisation","item":"https:\/\/leo-foundation.org.bluebird.pw\/da\/om-os\/organisation\/"},{"@type":"ListItem","position":4,"name":"Fondet som arbejdsplads"}]},{"@type":"WebSite","@id":"https:\/\/leo-foundation.org.bluebird.pw\/da\/#website","url":"https:\/\/leo-foundation.org.bluebird.pw\/da\/","name":"LEO Fondet","description":"Endnu en WordPress-blog","potentialAction":[{"@type":"SearchAction","target":{"@type":"EntryPoint","urlTemplate":"https:\/\/leo-foundation.org.bluebird.pw\/da\/?s={search_term_string}"},"query-input":{"@type":"PropertyValueSpecification","valueRequired":true,"valueName":"search_term_string"}}],"inLanguage":"da-DK"}]}},"distributor_meta":false,"distributor_terms":false,"distributor_media":false,"distributor_original_site_name":"LEO Fondet","distributor_original_site_url":"https:\/\/leo-foundation.org.bluebird.pw\/da","push-errors":false,"_links":{"self":[{"href":"https:\/\/leo-foundation.org.bluebird.pw\/da\/wp-json\/wp\/v2\/pages\/5790","targetHints":{"allow":["GET"]}}],"collection":[{"href":"https:\/\/leo-foundation.org.bluebird.pw\/da\/wp-json\/wp\/v2\/pages"}],"about":[{"href":"https:\/\/leo-foundation.org.bluebird.pw\/da\/wp-json\/wp\/v2\/types\/page"}],"author":[{"embeddable":true,"href":"https:\/\/leo-foundation.org.bluebird.pw\/da\/wp-json\/wp\/v2\/users\/4"}],"replies":[{"embeddable":true,"href":"https:\/\/leo-foundation.org.bluebird.pw\/da\/wp-json\/wp\/v2\/comments?post=5790"}],"version-history":[{"count":26,"href":"https:\/\/leo-foundation.org.bluebird.pw\/da\/wp-json\/wp\/v2\/pages\/5790\/revisions"}],"predecessor-version":[{"id":6865,"href":"https:\/\/leo-foundation.org.bluebird.pw\/da\/wp-json\/wp\/v2\/pages\/5790\/revisions\/6865"}],"up":[{"embeddable":true,"href":"https:\/\/leo-foundation.org.bluebird.pw\/da\/wp-json\/wp\/v2\/pages\/387"}],"wp:attachment":[{"href":"https:\/\/leo-foundation.org.bluebird.pw\/da\/wp-json\/wp\/v2\/media?parent=5790"}],"curies":[{"name":"wp","href":"https:\/\/api.w.org\/{rel}","templated":true}]}}