{"id":5,"date":"2020-08-31T10:38:25","date_gmt":"2020-08-31T08:38:25","guid":{"rendered":"http:\/\/leo-foundation.org.bluebird.pw\/da\/?page_id=5"},"modified":"2025-11-12T10:56:54","modified_gmt":"2025-11-12T09:56:54","slug":"forside","status":"publish","type":"page","link":"https:\/\/leo-foundation.org.bluebird.pw\/da\/","title":{"rendered":"Forside"},"content":{"rendered":"<section class=\"block-header alignfull header alignfull\" data-block_a3c5773c2af2733c1ea1730b8c31e2ba>\n\n        <img decoding=\"async\" src=\"https:\/\/leo-foundation.org.bluebird.pw\/da\/wp-content\/uploads\/2025\/11\/cover-image-1.png\" alt=\"\">\n  \n  <div class=\"container-fluid\">\n    <div class=\"block-header__title-wrapper\">\n              <h1 class=\"block-header__title\">\n          Vi vil bane vejen for at <em> <strong> kurere hudsygdomme <\/strong> <\/em>\n        <\/h1>\n      \n              <a href=\"https:\/\/leo-foundation.org.bluebird.pw\/da\/om-os\/\" target=\"_self\" class=\"btn mt-btn\">\n          Om os\n        <\/a>\n          <\/div>\n\n              <p class=\"block-header__text\">\n          LEO Fondet kombinerer ejerskab, filantropi og investeringer for at forbedre livet for mennesker, der lever med hudsygdomme.\n        <\/p>\n        <\/div>\n<\/section>\n\n\n<section class=\"block-usp alignfull usps alignfull\" data-block_dabb03b8ec8c3a21d4e1bb897fd4e118>\n  <div class=\"container-fluid\">\n    \n    <div class=\"block-usp__wrapper\">\n              <p class=\"block-usp__text\">\n          LEO Fondet er en erhvervsdrivende fond og engageret ejer af medicinalvirksomheden LEO Pharma. Samtidig er vi en af verdens st\u00f8rste private bidragsydere til hudforskning og uddeler filantropisk st\u00f8tte til forskning, der baner vejen for nye opdagelser og styrker forst\u00e5elsen og behandlingen af huden og dens sygdomme. Gennem ansvarlige investeringer sikrer vi vores langsigtede evne til at g\u00f8re en forskel.\n        <\/p>\n      \n              <ul class=\"block-usp__repeater\">\n                      <li>\n                              <h2>\n                                      <span class=\"block-usp__usp-title\">\n                        80%\n                      <\/span>\n                  \n                                      <span class=\"block-usp__usp-text\">\n                        majoritetsaktion\u00e6r i LEO Pharma\n                      <\/span>\n                                  <\/h2>\n                          <\/li>\n                      <li>\n                              <h2>\n                                      <span class=\"block-usp__usp-title\">\n                        1,5 mia. kr.\n                      <\/span>\n                  \n                                      <span class=\"block-usp__usp-text\">\n                        i filantropiske bevillinger \n                      <\/span>\n                                  <\/h2>\n                          <\/li>\n                      <li>\n                              <h2>\n                                      <span class=\"block-usp__usp-title\">\n                        18 mia. kr.\n                      <\/span>\n                  \n                                      <span class=\"block-usp__usp-text\">\n                        i finansielle aktiver\n                      <\/span>\n                                  <\/h2>\n                          <\/li>\n                  <\/ul>\n      \n              <a href=\"https:\/\/leo-foundation.org\/da\/om-os\/#Ambitioner \" target=\"_self\" class=\"btn btn-outline mt-btn\">\n          Vores ambitioner\n        <\/a>\n          <\/div>\n  <\/div>\n<\/section>\n\n\n<section class=\"block-news-slider alignfull news-slider alignfull\" data-block_2a1487f9f4f8bea04590ad111fec6e4c>\n  <div class=\"container-fluid\">\n    \n    <div class=\"block-news-slider__wrapper\">\n              <h2 class=\"block-news-slider__title\">\n          Nyheder\n        <\/h2>\n      \n              <div class=\"swiper\">\n          <div class=\"swiper-wrapper\">\n                          <div class=\"swiper-slide\">\n                <a class=\"news-card\" href=\"https:\/\/leo-foundation.org.bluebird.pw\/da\/2025\/08\/13\/leo-foundation-visiting-researchers-klar-til-internationale-forskningsophold\/\" title=\"LEO Foundation Visiting Researchers klar til internationale forskningsophold\">\n                  <span class=\"news-card__image-wrapper\">\n                                          <img decoding=\"async\" src=\"https:\/\/leo-foundation.org.bluebird.pw\/da\/wp-content\/uploads\/2025\/07\/Topfoto-Visiting-Researchers-R1-2025-1-1024x536.png\" alt=\"LEO Foundation Visiting Researchers klar til internationale forskningsophold\">\n                                      <\/span>\n\n                  <time class=\"news-card__date\">\n                    13 aug 2025\n                  <\/time>\n\n                  <h3 class=\"news-card__title\">\n                    LEO Foundation Visiting Researchers klar til internationale forskningsophold\n                  <\/h3>\n                <\/a>\n              <\/div>\n                          <div class=\"swiper-slide\">\n                <a class=\"news-card\" href=\"https:\/\/leo-foundation.org.bluebird.pw\/da\/2025\/08\/07\/14-banebrydende-hudforskningsprojekter-modtager-stoette\/\" title=\"14 banebrydende hudforskningsprojekter modtager st\u00f8tte\">\n                  <span class=\"news-card__image-wrapper\">\n                                          <img decoding=\"async\" src=\"https:\/\/leo-foundation.org.bluebird.pw\/da\/wp-content\/uploads\/2025\/07\/R2-2025-Grafik-1-1024x536.png\" alt=\"14 banebrydende hudforskningsprojekter modtager st\u00f8tte\">\n                                      <\/span>\n\n                  <time class=\"news-card__date\">\n                    7 aug 2025\n                  <\/time>\n\n                  <h3 class=\"news-card__title\">\n                    14 banebrydende hudforskningsprojekter modtager st\u00f8tte\n                  <\/h3>\n                <\/a>\n              <\/div>\n                          <div class=\"swiper-slide\">\n                <a class=\"news-card\" href=\"https:\/\/leo-foundation.org.bluebird.pw\/da\/2025\/06\/30\/dkk-63-millioner-til-fem-nye-projekter-der-styrker-interessen-for-naturvidenskab\/\" title=\"DKK 6,3 millioner til fem nye projekter, der styrker interessen for naturvidenskab\">\n                  <span class=\"news-card__image-wrapper\">\n                                          <img decoding=\"async\" src=\"https:\/\/leo-foundation.org.bluebird.pw\/da\/wp-content\/uploads\/2025\/06\/Topfoto-EA-nyhed-runde-2-1024x536.png\" alt=\"DKK 6,3 millioner til fem nye projekter, der styrker interessen for naturvidenskab\">\n                                      <\/span>\n\n                  <time class=\"news-card__date\">\n                    30 jun 2025\n                  <\/time>\n\n                  <h3 class=\"news-card__title\">\n                    DKK 6,3 millioner til fem nye projekter, der styrker interessen for naturvidenskab\n                  <\/h3>\n                <\/a>\n              <\/div>\n                          <div class=\"swiper-slide\">\n                <a class=\"news-card\" href=\"https:\/\/leo-foundation.org.bluebird.pw\/da\/2025\/05\/14\/amerikansk-hudforsker-modtager-leo-fondets-pris-2025-i-region-americas\/\" title=\"Amerikansk hudforsker modtager LEO Fondets pris 2025 i Region Americas\">\n                  <span class=\"news-card__image-wrapper\">\n                                          <img decoding=\"async\" src=\"https:\/\/leo-foundation.org.bluebird.pw\/da\/wp-content\/uploads\/2025\/05\/Topfoto-Region-Americas-2025-Christoph-Ellebrecht-1024x536.png\" alt=\"Amerikansk hudforsker modtager LEO Fondets pris 2025 i Region Americas\">\n                                      <\/span>\n\n                  <time class=\"news-card__date\">\n                    14 maj 2025\n                  <\/time>\n\n                  <h3 class=\"news-card__title\">\n                    Amerikansk hudforsker modtager LEO Fondets pris 2025 i Region Americas\n                  <\/h3>\n                <\/a>\n              <\/div>\n                          <div class=\"swiper-slide\">\n                <a class=\"news-card\" href=\"https:\/\/leo-foundation.org.bluebird.pw\/da\/2025\/05\/01\/gymnasieelev-modtager-leo-fondets-rising-star-pris-2025\/\" title=\"Gymnasieelev modtager LEO Fondets Rising Star-pris 2025\">\n                  <span class=\"news-card__image-wrapper\">\n                                          <img decoding=\"async\" src=\"https:\/\/leo-foundation.org.bluebird.pw\/da\/wp-content\/uploads\/2025\/05\/Topfoto-Unge-Forskere-1024x536.png\" alt=\"Gymnasieelev modtager LEO Fondets Rising Star-pris 2025\">\n                                      <\/span>\n\n                  <time class=\"news-card__date\">\n                    1 maj 2025\n                  <\/time>\n\n                  <h3 class=\"news-card__title\">\n                    Gymnasieelev modtager LEO Fondets Rising Star-pris 2025\n                  <\/h3>\n                <\/a>\n              <\/div>\n                      <\/div>\n        <\/div>\n      \n      <div class=\"block-news-slider__button-wrapper\">\n                  <a href=\"https:\/\/leo-foundation.org.bluebird.pw\/da\/nyheder-presse\/nyheder\/\" target=\"_self\" class=\"btn btn-outline mt-btn\">\n            Se alle nyheder\n          <\/a>\n        \n        <div class=\"block-news-slider__swiper-buttons\">\n          <div class=\"swiper-button swiper-prev\"><\/div>\n          <div class=\"swiper-button swiper-next\"><\/div>\n        <\/div>\n      <\/div>\n    <\/div>\n  <\/div>\n<\/section>\n\n\n<section class=\"block-text-section alignfull force-no-edge text-section alignfull\" data-block_d25ce699d468f0b8c1e8db605153261e>\n  <div class=\"container-fluid\">\n\n    \n    <div class=\"block-text-section__wrapper\">\n              <div class=\"block-text-section__text\">\n          <p>Vi samler <strong><em>mennesker<\/em>, <em>viden<\/em><\/strong> og <em><strong>ressourcer<\/strong><\/em> for at bane vejen for <em><strong>at kurere hudsygdomme<\/strong><\/em>.<\/p>\n\n        <\/div>\n\n                  <a href=\"https:\/\/leo-foundation.org.bluebird.pw\/da\/saadan-arbejder-vi\/\" target=\"_self\" class=\"btn btn-outline mt-btn\">\n            S\u00e5dan arbejder vi\n          <\/a>\n                  <\/div>\n  <\/div>\n<\/section>\n","protected":false},"excerpt":{"rendered":"","protected":false},"author":1,"featured_media":0,"parent":0,"menu_order":0,"comment_status":"closed","ping_status":"closed","template":"","meta":{"_acf_changed":false,"inline_featured_image":false,"footnotes":""},"class_list":["post-5","page","type-page","status-publish","hentry"],"acf":[],"yoast_head":"<!-- This site is optimized with the Yoast SEO plugin v27.3 - https:\/\/yoast.com\/product\/yoast-seo-wordpress\/ -->\n<title>LEO Fondet - Lad os bane vejen for at kurere hudsygdomme<\/title>\n<meta name=\"description\" content=\"LEO Fondet er en af Danmarks st\u00f8rste erhvervsdrivende fonde og engageret majoritetsejer af medicinalvirksomheden LEO Pharma. Udover ejerskabet er LEO Fondet en af verdens st\u00f8rste private bidragsydere til forskning i hud og hudsygdomme p\u00e5 hospitaler og universiteter verden over. Fondet uddeler filantropisk st\u00f8tte til den bedste internationale forskning, der baner vejen for nye opdagelser og transformerer vores forst\u00e5else af huden og dens sygdomme. Gennem \u00e5rene har LEO Fondet bevilget omkring 1,5 milliarder kroner til uafh\u00e6ngig forskning.\" \/>\n<meta name=\"robots\" content=\"noindex, follow, max-snippet:-1, max-image-preview:large, max-video-preview:-1\" \/>\n<meta property=\"og:locale\" content=\"da_DK\" \/>\n<meta property=\"og:type\" content=\"article\" \/>\n<meta property=\"og:title\" content=\"LEO Fondet - Lad os bane vejen for at kurere hudsygdomme\" \/>\n<meta property=\"og:description\" content=\"LEO Fondet er en af Danmarks st\u00f8rste erhvervsdrivende fonde og engageret majoritetsejer af medicinalvirksomheden LEO Pharma. Udover ejerskabet er LEO Fondet en af verdens st\u00f8rste private bidragsydere til forskning i hud og hudsygdomme p\u00e5 hospitaler og universiteter verden over. Fondet uddeler filantropisk st\u00f8tte til den bedste internationale forskning, der baner vejen for nye opdagelser og transformerer vores forst\u00e5else af huden og dens sygdomme. Gennem \u00e5rene har LEO Fondet bevilget omkring 1,5 milliarder kroner til uafh\u00e6ngig forskning.\" \/>\n<meta property=\"og:url\" content=\"https:\/\/leo-foundation.org.bluebird.pw\/da\/\" \/>\n<meta property=\"og:site_name\" content=\"LEO Fondet\" \/>\n<meta property=\"article:modified_time\" content=\"2025-11-12T09:56:54+00:00\" \/>\n<meta name=\"twitter:card\" content=\"summary_large_image\" \/>\n<meta name=\"twitter:label1\" content=\"Estimeret l\u00e6setid\" \/>\n\t<meta name=\"twitter:data1\" content=\"9 minutter\" \/>\n<script type=\"application\/ld+json\" class=\"yoast-schema-graph\">{\"@context\":\"https:\\\/\\\/schema.org\",\"@graph\":[{\"@type\":\"WebPage\",\"@id\":\"https:\\\/\\\/leo-foundation.org.bluebird.pw\\\/da\\\/\",\"url\":\"https:\\\/\\\/leo-foundation.org.bluebird.pw\\\/da\\\/\",\"name\":\"LEO Fondet - Lad os bane vejen for at kurere hudsygdomme\",\"isPartOf\":{\"@id\":\"https:\\\/\\\/leo-foundation.org.bluebird.pw\\\/da\\\/#website\"},\"datePublished\":\"2020-08-31T08:38:25+00:00\",\"dateModified\":\"2025-11-12T09:56:54+00:00\",\"description\":\"LEO Fondet er en af Danmarks st\u00f8rste erhvervsdrivende fonde og engageret majoritetsejer af medicinalvirksomheden LEO Pharma. Udover ejerskabet er LEO Fondet en af verdens st\u00f8rste private bidragsydere til forskning i hud og hudsygdomme p\u00e5 hospitaler og universiteter verden over. Fondet uddeler filantropisk st\u00f8tte til den bedste internationale forskning, der baner vejen for nye opdagelser og transformerer vores forst\u00e5else af huden og dens sygdomme. Gennem \u00e5rene har LEO Fondet bevilget omkring 1,5 milliarder kroner til uafh\u00e6ngig forskning.\",\"breadcrumb\":{\"@id\":\"https:\\\/\\\/leo-foundation.org.bluebird.pw\\\/da\\\/#breadcrumb\"},\"inLanguage\":\"da-DK\",\"potentialAction\":[{\"@type\":\"ReadAction\",\"target\":[\"https:\\\/\\\/leo-foundation.org.bluebird.pw\\\/da\\\/\"]}]},{\"@type\":\"BreadcrumbList\",\"@id\":\"https:\\\/\\\/leo-foundation.org.bluebird.pw\\\/da\\\/#breadcrumb\",\"itemListElement\":[{\"@type\":\"ListItem\",\"position\":1,\"name\":\"Forside\",\"item\":\"https:\\\/\\\/leo-foundation.org.bluebird.pw\\\/da\\\/\"},{\"@type\":\"ListItem\",\"position\":2,\"name\":\"Forside\"}]},{\"@type\":\"WebSite\",\"@id\":\"https:\\\/\\\/leo-foundation.org.bluebird.pw\\\/da\\\/#website\",\"url\":\"https:\\\/\\\/leo-foundation.org.bluebird.pw\\\/da\\\/\",\"name\":\"LEO Fondet\",\"description\":\"Endnu en WordPress-blog\",\"potentialAction\":[{\"@type\":\"SearchAction\",\"target\":{\"@type\":\"EntryPoint\",\"urlTemplate\":\"https:\\\/\\\/leo-foundation.org.bluebird.pw\\\/da\\\/?s={search_term_string}\"},\"query-input\":{\"@type\":\"PropertyValueSpecification\",\"valueRequired\":true,\"valueName\":\"search_term_string\"}}],\"inLanguage\":\"da-DK\"}]}<\/script>\n<!-- \/ Yoast SEO plugin. -->","yoast_head_json":{"title":"LEO Fondet - Lad os bane vejen for at kurere hudsygdomme","description":"LEO Fondet er en af Danmarks st\u00f8rste erhvervsdrivende fonde og engageret majoritetsejer af medicinalvirksomheden LEO Pharma. Udover ejerskabet er LEO Fondet en af verdens st\u00f8rste private bidragsydere til forskning i hud og hudsygdomme p\u00e5 hospitaler og universiteter verden over. Fondet uddeler filantropisk st\u00f8tte til den bedste internationale forskning, der baner vejen for nye opdagelser og transformerer vores forst\u00e5else af huden og dens sygdomme. Gennem \u00e5rene har LEO Fondet bevilget omkring 1,5 milliarder kroner til uafh\u00e6ngig forskning.","robots":{"index":"noindex","follow":"follow","max-snippet":"max-snippet:-1","max-image-preview":"max-image-preview:large","max-video-preview":"max-video-preview:-1"},"og_locale":"da_DK","og_type":"article","og_title":"LEO Fondet - Lad os bane vejen for at kurere hudsygdomme","og_description":"LEO Fondet er en af Danmarks st\u00f8rste erhvervsdrivende fonde og engageret majoritetsejer af medicinalvirksomheden LEO Pharma. Udover ejerskabet er LEO Fondet en af verdens st\u00f8rste private bidragsydere til forskning i hud og hudsygdomme p\u00e5 hospitaler og universiteter verden over. Fondet uddeler filantropisk st\u00f8tte til den bedste internationale forskning, der baner vejen for nye opdagelser og transformerer vores forst\u00e5else af huden og dens sygdomme. Gennem \u00e5rene har LEO Fondet bevilget omkring 1,5 milliarder kroner til uafh\u00e6ngig forskning.","og_url":"https:\/\/leo-foundation.org.bluebird.pw\/da\/","og_site_name":"LEO Fondet","article_modified_time":"2025-11-12T09:56:54+00:00","twitter_card":"summary_large_image","twitter_misc":{"Estimeret l\u00e6setid":"9 minutter"},"schema":{"@context":"https:\/\/schema.org","@graph":[{"@type":"WebPage","@id":"https:\/\/leo-foundation.org.bluebird.pw\/da\/","url":"https:\/\/leo-foundation.org.bluebird.pw\/da\/","name":"LEO Fondet - Lad os bane vejen for at kurere hudsygdomme","isPartOf":{"@id":"https:\/\/leo-foundation.org.bluebird.pw\/da\/#website"},"datePublished":"2020-08-31T08:38:25+00:00","dateModified":"2025-11-12T09:56:54+00:00","description":"LEO Fondet er en af Danmarks st\u00f8rste erhvervsdrivende fonde og engageret majoritetsejer af medicinalvirksomheden LEO Pharma. Udover ejerskabet er LEO Fondet en af verdens st\u00f8rste private bidragsydere til forskning i hud og hudsygdomme p\u00e5 hospitaler og universiteter verden over. Fondet uddeler filantropisk st\u00f8tte til den bedste internationale forskning, der baner vejen for nye opdagelser og transformerer vores forst\u00e5else af huden og dens sygdomme. Gennem \u00e5rene har LEO Fondet bevilget omkring 1,5 milliarder kroner til uafh\u00e6ngig forskning.","breadcrumb":{"@id":"https:\/\/leo-foundation.org.bluebird.pw\/da\/#breadcrumb"},"inLanguage":"da-DK","potentialAction":[{"@type":"ReadAction","target":["https:\/\/leo-foundation.org.bluebird.pw\/da\/"]}]},{"@type":"BreadcrumbList","@id":"https:\/\/leo-foundation.org.bluebird.pw\/da\/#breadcrumb","itemListElement":[{"@type":"ListItem","position":1,"name":"Forside","item":"https:\/\/leo-foundation.org.bluebird.pw\/da\/"},{"@type":"ListItem","position":2,"name":"Forside"}]},{"@type":"WebSite","@id":"https:\/\/leo-foundation.org.bluebird.pw\/da\/#website","url":"https:\/\/leo-foundation.org.bluebird.pw\/da\/","name":"LEO Fondet","description":"Endnu en WordPress-blog","potentialAction":[{"@type":"SearchAction","target":{"@type":"EntryPoint","urlTemplate":"https:\/\/leo-foundation.org.bluebird.pw\/da\/?s={search_term_string}"},"query-input":{"@type":"PropertyValueSpecification","valueRequired":true,"valueName":"search_term_string"}}],"inLanguage":"da-DK"}]}},"distributor_meta":false,"distributor_terms":false,"distributor_media":false,"distributor_original_site_name":"LEO Fondet","distributor_original_site_url":"https:\/\/leo-foundation.org.bluebird.pw\/da","push-errors":false,"_links":{"self":[{"href":"https:\/\/leo-foundation.org.bluebird.pw\/da\/wp-json\/wp\/v2\/pages\/5","targetHints":{"allow":["GET"]}}],"collection":[{"href":"https:\/\/leo-foundation.org.bluebird.pw\/da\/wp-json\/wp\/v2\/pages"}],"about":[{"href":"https:\/\/leo-foundation.org.bluebird.pw\/da\/wp-json\/wp\/v2\/types\/page"}],"author":[{"embeddable":true,"href":"https:\/\/leo-foundation.org.bluebird.pw\/da\/wp-json\/wp\/v2\/users\/1"}],"replies":[{"embeddable":true,"href":"https:\/\/leo-foundation.org.bluebird.pw\/da\/wp-json\/wp\/v2\/comments?post=5"}],"version-history":[{"count":10,"href":"https:\/\/leo-foundation.org.bluebird.pw\/da\/wp-json\/wp\/v2\/pages\/5\/revisions"}],"predecessor-version":[{"id":6943,"href":"https:\/\/leo-foundation.org.bluebird.pw\/da\/wp-json\/wp\/v2\/pages\/5\/revisions\/6943"}],"wp:attachment":[{"href":"https:\/\/leo-foundation.org.bluebird.pw\/da\/wp-json\/wp\/v2\/media?parent=5"}],"curies":[{"name":"wp","href":"https:\/\/api.w.org\/{rel}","templated":true}]}}