{"id":1793,"date":"2020-10-18T20:50:21","date_gmt":"2020-10-18T18:50:21","guid":{"rendered":"https:\/\/leo-foundation.org.bluebird.pw\/da\/?page_id=1793"},"modified":"2024-11-11T12:59:53","modified_gmt":"2024-11-11T11:59:53","slug":"for-bevillingsmodtagere","status":"publish","type":"page","link":"https:\/\/leo-foundation.org.bluebird.pw\/da\/for-bevillingsmodtagere\/","title":{"rendered":"For bevillingsmodtagere"},"content":{"rendered":"\n<div class=\"wp-block-group alignfull is-style-pattern-leo-center has-secondary-olive-background-color has-background\"><div class=\"wp-block-group__inner-container is-layout-flow wp-block-group-is-layout-flow\">\n<div style=\"height:58px\" aria-hidden=\"true\" class=\"wp-block-spacer\"><\/div>\n\n\n\n<h2 class=\"wp-block-heading is-style-large-type\">N\u00e5r du har f\u00e5et en bevilling<\/h2>\n\n\n\n<figure class=\"wp-block-image size-large is-style-default\"><img loading=\"lazy\" decoding=\"async\" width=\"1024\" height=\"683\" src=\"https:\/\/leo-foundation.org.bluebird.pw\/da\/wp-content\/uploads\/2020\/11\/louis-reed-pwcKF7L4-no-unsplash-1024x683.jpg\" alt=\"\" class=\"wp-image-2608\" srcset=\"https:\/\/leo-foundation.org.bluebird.pw\/da\/wp-content\/uploads\/2020\/11\/louis-reed-pwcKF7L4-no-unsplash-1024x683.jpg 1024w, https:\/\/leo-foundation.org.bluebird.pw\/da\/wp-content\/uploads\/2020\/11\/louis-reed-pwcKF7L4-no-unsplash-300x200.jpg 300w, https:\/\/leo-foundation.org.bluebird.pw\/da\/wp-content\/uploads\/2020\/11\/louis-reed-pwcKF7L4-no-unsplash-768x512.jpg 768w, https:\/\/leo-foundation.org.bluebird.pw\/da\/wp-content\/uploads\/2020\/11\/louis-reed-pwcKF7L4-no-unsplash-1536x1024.jpg 1536w, https:\/\/leo-foundation.org.bluebird.pw\/da\/wp-content\/uploads\/2020\/11\/louis-reed-pwcKF7L4-no-unsplash-2048x1365.jpg 2048w, https:\/\/leo-foundation.org.bluebird.pw\/da\/wp-content\/uploads\/2020\/11\/louis-reed-pwcKF7L4-no-unsplash-960x640.jpg 960w, https:\/\/leo-foundation.org.bluebird.pw\/da\/wp-content\/uploads\/2020\/11\/louis-reed-pwcKF7L4-no-unsplash-480x320.jpg 480w\" sizes=\"auto, (max-width: 1024px) 100vw, 1024px\" \/><\/figure>\n<\/div><\/div>\n\n\n\n<div class=\"wp-block-group alignfull is-style-default has-primary-snow-background-color has-background\"><div class=\"wp-block-group__inner-container is-layout-flow wp-block-group-is-layout-flow\">\n<h1 class=\"wp-block-heading\" id=\"rapportering\">Rapportering<\/h1>\n\n\n\n<div style=\"height:35px\" aria-hidden=\"true\" class=\"wp-block-spacer\"><\/div>\n\n\n\n<div class=\"wp-block-columns is-layout-flex wp-container-core-columns-is-layout-9d6595d7 wp-block-columns-is-layout-flex\">\n<div class=\"wp-block-column is-layout-flow wp-block-column-is-layout-flow\"><div class=\"text-cols text-cols-columns-1 text-cols align\" data-block_62ea29699e3eeddaa1178bc1fdd2700c>\n  \n\n<p>LEO Fondet anvender det web-baserede rapporteringssystem Researchfish\u00ae i till\u00e6g til \u00e5rlige statusrapporter til at f\u00f8lge de forskningsprojekter, vi st\u00f8tter.<\/p>\n\n\n\n<p>Researchfish\u00ae anvendes af mange bevillingsorganisationer b\u00e5de i Danmark og internationalt. Forskere og forskningsinstitutioner kan h\u00e5ndtere deres forskningsaktiviteter p\u00e5 en enkelt m\u00e5de i systemet og kan rapportere relevante resultater samtidigt til alle bevillingsgivere, der anvender systemet.<\/p>\n\n\n<\/div>\n\n<style type=\"text\/css\">\n  [data-block_62ea29699e3eeddaa1178bc1fdd2700c] p {\n    column-count: 1;\n    column-gap: 30px;\n  }\n<\/style>\n<\/div>\n\n\n\n<div class=\"wp-block-column is-layout-flow wp-block-column-is-layout-flow\"><div class=\"text-cols text-cols-columns-1 text-cols align\" data-block_62ea29699e3eeddaa1178bc1fdd2700c>\n  \n\n<p>Herunder finder du link til siden med guide til systemet, &nbsp;information om hvilke rapporteringskrav vi har til bevillingsmodtagere, samt hvordan og til hvilke form\u00e5l LEO Fondet anvender de indberettede data. <\/p>\n\n\n\n<p>Desuden er der links til de mest relevante hj\u00e6lpedokumenter fra Researchfish\u00ae \u2013 inklusiv brugerguiden. Al information er p\u00e5 engelsk.<\/p>\n\n\n<\/div>\n\n<style type=\"text\/css\">\n  [data-block_62ea29699e3eeddaa1178bc1fdd2700c] p {\n    column-count: 1;\n    column-gap: 30px;\n  }\n<\/style>\n<\/div>\n<\/div>\n\n\n<div class=\"text-cols text-cols-columns-1 text-cols align\" data-block_62ea29699e3eeddaa1178bc1fdd2700c>\n  \n<\/div>\n\n<style type=\"text\/css\">\n  [data-block_62ea29699e3eeddaa1178bc1fdd2700c] p {\n    column-count: 1;\n    column-gap: 30px;\n  }\n<\/style>\n\n\n\n<div class=\"wp-block-columns is-layout-flex wp-container-core-columns-is-layout-9d6595d7 wp-block-columns-is-layout-flex\">\n<div class=\"wp-block-column is-layout-flow wp-block-column-is-layout-flow\"><div class=\"text-cols text-cols-columns-1 text-cols align\" data-block_62ea29699e3eeddaa1178bc1fdd2700c>\n  \n\n<p><a href=\"https:\/\/leo-foundation.org.bluebird.pw\/en\/leo-foundation-guide-to-researchfish\/\">LEO Foundation Guide to Researchfish\u00ae<\/a><\/p>\n\n\n\n<p><a href=\"https:\/\/leo-foundation.org.bluebird.pw\/en\/reporting-requirements-and-usage-of-data-in-researchfish\/\">LEO Foundation Guide to Reporting Requirements and Usage of Data in Researchfish\u00ae<\/a><\/p>\n\n\n\n<p><\/p>\n\n\n\n<p><\/p>\n\n\n<\/div>\n\n<style type=\"text\/css\">\n  [data-block_62ea29699e3eeddaa1178bc1fdd2700c] p {\n    column-count: 1;\n    column-gap: 30px;\n  }\n<\/style>\n\n\n\n<p><\/p>\n<\/div>\n\n\n\n<div class=\"wp-block-column is-layout-flow wp-block-column-is-layout-flow\"><div class=\"text-cols text-cols-columns-1 text-cols align\" data-block_62ea29699e3eeddaa1178bc1fdd2700c>\n  \n\n<p><em>Hvis du har sp\u00f8rgsm\u00e5l relateret til din bevilling, er du velkommen til at kontakte Scientific Officer Lars Kruse:&nbsp;<strong><a href=\"mailto:lars.kruse@leo-foundation.org\">lars.kruse@leo-foundation.org<\/a><\/strong><\/em><\/p>\n\n\n\n<p><em>Hvis du har tekniske sp\u00f8rgsm\u00e5l til brugen af Researchfish skal du kontakte:&nbsp;<strong><a href=\"mailto:support@researchfish.com\">support@researchfish.com<\/a><\/strong><\/em><\/p>\n\n\n<\/div>\n\n<style type=\"text\/css\">\n  [data-block_62ea29699e3eeddaa1178bc1fdd2700c] p {\n    column-count: 1;\n    column-gap: 30px;\n  }\n<\/style>\n<\/div>\n<\/div>\n<\/div><\/div>\n\n\n\n<div class=\"wp-block-group alignfull is-style-pattern-leo-top-bottom has-secondary-olive-background-color has-background\"><div class=\"wp-block-group__inner-container is-layout-flow wp-block-group-is-layout-flow\">\n<h2 class=\"wp-block-heading\" id=\"betingelser\">Betingelser ved bevillinger og priser<\/h2>\n\n\n\n<div style=\"height:50px\" aria-hidden=\"true\" class=\"wp-block-spacer\"><\/div>\n\n\n\n<div class=\"wp-block-columns is-layout-flex wp-container-core-columns-is-layout-9d6595d7 wp-block-columns-is-layout-flex\">\n<div class=\"wp-block-column is-layout-flow wp-block-column-is-layout-flow\"><div class=\"text-cols text-cols-columns-1 text-cols align\" data-block_62ea29699e3eeddaa1178bc1fdd2700c>\n  \n\n<div class=\"wp-block-buttons is-layout-flex wp-block-buttons-is-layout-flex\">\n<div class=\"wp-block-button is-style-leo-link\"><a class=\"wp-block-button__link wp-element-button\" href=\"https:\/\/leo-foundation.org.bluebird.pw\/en\/grant-terms-and-conditions\/\">Hvis du har modtaget en bevilling<\/a><\/div>\n<\/div>\n\n\n\n<div style=\"height:28px\" aria-hidden=\"true\" class=\"wp-block-spacer\"><\/div>\n\n\n\n<div class=\"wp-block-buttons is-layout-flex wp-block-buttons-is-layout-flex\">\n<div class=\"wp-block-button is-style-leo-link\"><a class=\"wp-block-button__link wp-element-button\" href=\"https:\/\/leo-foundation.org.bluebird.pw\/en\/award-terms-and-conditions\/\">Hvis du har modtaget en pris<\/a><\/div>\n<\/div>\n\n\n<\/div>\n\n<style type=\"text\/css\">\n  [data-block_62ea29699e3eeddaa1178bc1fdd2700c] p {\n    column-count: 1;\n    column-gap: 30px;\n  }\n<\/style>\n\n\n\n<p><\/p>\n<\/div>\n\n\n\n<div class=\"wp-block-column is-layout-flow wp-block-column-is-layout-flow\"><\/div>\n<\/div>\n<\/div><\/div>\n\n\n\n<div class=\"wp-block-group alignfull is-style-pattern-leo-top-bottom has-primary-olive-background-color has-background\"><div class=\"wp-block-group__inner-container is-layout-flow wp-block-group-is-layout-flow\">\n<h2 class=\"wp-block-heading\" id=\"kommunikation\">Kommunikation om forskning og bevillinger<\/h2>\n\n\n\n<div style=\"height:50px\" aria-hidden=\"true\" class=\"wp-block-spacer\"><\/div>\n\n\n\n<div class=\"wp-block-columns is-layout-flex wp-container-core-columns-is-layout-9d6595d7 wp-block-columns-is-layout-flex\">\n<div class=\"wp-block-column is-layout-flow wp-block-column-is-layout-flow\"><div class=\"text-cols text-cols-columns-1 text-cols align\" data-block_62ea29699e3eeddaa1178bc1fdd2700c>\n  \n\n<p>Forskere, der modtager st\u00f8tte, har publikationsfrihed og bestemmer selv, hvordan forskningen i deres projekt skal prioriteres. LEO Fondet har p\u00e5 ingen m\u00e5de ejerskab til resultater af den forskning, vi st\u00f8tter.<\/p>\n\n\n\n<p>Vi l\u00e6gger dog v\u00e6gt p\u00e5, at resultaterne deles med offentligheden, patienter og sundhedsfaglige personer.<\/p>\n\n\n\n<p><strong>Sociale medier<\/strong><\/p>\n\n\n\n<p id=\"Acknowledgements\">Hvis du som bevillingsmodtager deler nyheder om din bevilling p\u00e5 sociale medier, vil vi s\u00e6tte pris p\u00e5, hvis du vil &#8216;tagge&#8217; LEO Fondet.<\/p>\n\n\n\n<ul class=\"wp-block-list\">\n<li>LinkedIn: @LEO Foundation \/\/ LEO Fondet<\/li>\n\n\n\n<li>X: @LEOFondet<\/li>\n<\/ul>\n\n\n\n<p><strong>Acknowledgements \/ kreditering<\/strong><\/p>\n\n\n\n<p id=\"Acknowledgements\">Af hensyn til \u00e5benhed om finansieringskilder skal det s\u00e5 vidt muligt synligg\u00f8res (i udgivelser, p\u00e5 hjemmeside, i videoer e.l.), n\u00e5r projekter er st\u00f8ttet af LEO Fondet. Gerne med brug af vores logo. <\/p>\n\n\n\n<p>Eksempel: &#8220;Dette projekt er st\u00f8ttet af LEO Fondet (Grant #LF-OC-20-000xxx)&#8221;<\/p>\n\n\n\n<div class=\"wp-block-buttons is-layout-flex wp-block-buttons-is-layout-flex\">\n<div class=\"wp-block-button is-style-leo-link\"><a class=\"wp-block-button__link wp-element-button\" href=\"https:\/\/leo-foundation.org.bluebird.pw\/da\/nyheder-presse\/presse\/#logo\">Download vores logo<\/a><\/div>\n<\/div>\n\n\n<\/div>\n\n<style type=\"text\/css\">\n  [data-block_62ea29699e3eeddaa1178bc1fdd2700c] p {\n    column-count: 1;\n    column-gap: 30px;\n  }\n<\/style>\n<\/div>\n\n\n\n<div class=\"wp-block-column is-layout-flow wp-block-column-is-layout-flow\"><\/div>\n<\/div>\n<\/div><\/div>\n\n\n\n<div style=\"height:20px\" aria-hidden=\"true\" class=\"wp-block-spacer\"><\/div>\n\n\n\n<h1 class=\"wp-block-heading\">Kontakt os<\/h1>\n\n\n<div class=\"wp-block block-person-grid my-5\" data-block_1824947019cdf3455935c5c810786758 class=\"person-grid align\">\n  <div class=\"row\">\n              <div class=\"col-md-8 col-lg-8 col-xl-1-3 mb-4\">\n        <div class=\"person\">\n          <div class=\"person-container\">\n            <h3>Anne-Marie Engel<\/h3>\n            <span class=\"job-title\">Chief Scientific Officer<\/span>\n          <\/div>\n          <div class=\"person-image\" style=\"background-image: url('https:\/\/leo-foundation.org.bluebird.pw\/da\/wp-content\/uploads\/2022\/06\/AM-SH-e1654850910174.png');\"><\/div>\n          <div class=\"show-details\">\n            <a class=\"btn btn-primary btn-icon icon-chevron-down-coal after-m0 btn-round\" title=\"About Anne-Marie\" data-toggle=\"collapse\" href=\"#collapsePerson4469\" role=\"button\" aria-expanded=\"false\" aria-controls=\"collapsePerson4469\"><\/a>\n          <\/div>\n        <\/div>\n        <div class=\"description collapse mt-4\" id=\"collapsePerson4469\">\n          <p>Anne-Marie er ansvarlig for LEO Fondets bevillinger og priser og for Fondets uddelingsstrategi.<\/p>\n<p>F\u00f8r dette har Anne-Marie haft<br \/>\nstillinger i:<\/p>\n<ul>\n<li>Novo Nordisk Fonden, programdirekt\u00f8r<\/li>\n<li>Lundbeckfonden, senest uddelingschef<\/li>\n<li>Statens Serum Institut, senior forsker<\/li>\n<li>Bartholin Instituttet, Rigshospitalet, postdoc<\/li>\n<\/ul>\n<p>Anne-Marie er uddannet cand.med. og har en ph.d. inden for tumor-immunologi \u2013 begge fra K\u00f8benhavns Universitet.<\/p>\n<p><strong>Andre hverv<\/strong><\/p>\n<ul>\n<li>Naturhistorisk museum, Oslo, formand for bestyrelsen<\/li>\n<li>ATV, pr\u00e6sidiemedlem<\/li>\n<li>Dagmar Marshalls Fond, bestyrelsesmedlem<\/li>\n<li>Universitetet i Oslo, bestyrelsesmedlem (2013-2021)<\/li>\n<\/ul>\n<p>Ansat i Fondet siden 2022.<\/p>\n<p>+45 27 38 60 59<\/p>\n<p><a href=\"mailto:anne-marie.engel@leo-foundation.org\">anne-marie.engel@leo-foundation.org<\/a><\/p>\n<p><a href=\"https:\/\/www.linkedin.com\/in\/anne-marie-engel\/?originalSubdomain=dk\">LinkedIn<\/a><\/p>\n\n        <\/div>\n      <\/div>\n          <div class=\"col-md-8 col-lg-8 col-xl-1-3 mb-4\">\n        <div class=\"person\">\n          <div class=\"person-container\">\n            <h3>Lars Kruse<\/h3>\n            <span class=\"job-title\">Senior Scientific Officer<\/span>\n          <\/div>\n          <div class=\"person-image\" style=\"background-image: url('https:\/\/leo-foundation.org.bluebird.pw\/da\/wp-content\/uploads\/2020\/09\/Lars-K-2-e1636108284203.png');\"><\/div>\n          <div class=\"show-details\">\n            <a class=\"btn btn-primary btn-icon icon-chevron-down-coal after-m0 btn-round\" title=\"About Lars\" data-toggle=\"collapse\" href=\"#collapsePerson1015\" role=\"button\" aria-expanded=\"false\" aria-controls=\"collapsePerson1015\"><\/a>\n          <\/div>\n        <\/div>\n        <div class=\"description collapse mt-4\" id=\"collapsePerson1015\">\n          <p>Lars er ansvarlig for at koordinere Fondets uddelinger og h\u00e5ndterer de videnskabelige og administrative aspekter forbundet med bevillinger. Lars arbejder ogs\u00e5 med udvikling af strategi for uddelinger.<\/p>\n<p>Lars har en videnskabelig baggrund og har arbejdet med akademisk forskning i 16 \u00e5r \u2013 med fokus p\u00e5 alt fra molekyl\u00e6re mekanismer bag migr\u00e6ne over KOL til s\u00f8vnlidelser og osteoporose.<\/p>\n<p>Lars er cand.scient. i humanbiologi og har en ph.d. i neurovidenskab, begge fra K\u00f8benhavns Universitet.<\/p>\n<p>Ansat i Fondet siden 2017.<\/p>\n<p>+45 30 46 42 91<br \/>\n<a href=\"mailto:lars.kruse@leo-foundation.org\">lars.kruse@leo-foundation.org<\/a><br \/>\n<a href=\"https:\/\/dk.linkedin.com\/in\/lskruse\">LinkedIn<\/a><\/p>\n\n        <\/div>\n      <\/div>\n          <div class=\"col-md-8 col-lg-8 col-xl-1-3 mb-4\">\n        <div class=\"person\">\n          <div class=\"person-container\">\n            <h3>Signe R\u00f8mer Holm<\/h3>\n            <span class=\"job-title\">Scientific Officer<\/span>\n          <\/div>\n          <div class=\"person-image\" style=\"background-image: url('https:\/\/leo-foundation.org.bluebird.pw\/da\/wp-content\/uploads\/2022\/12\/08122022_LEOfondet_Signe_Holm_sh_web-Edited-1-e1670852972540-300x255-1.png');\"><\/div>\n          <div class=\"show-details\">\n            <a class=\"btn btn-primary btn-icon icon-chevron-down-coal after-m0 btn-round\" title=\"About Signe\" data-toggle=\"collapse\" href=\"#collapsePerson4765\" role=\"button\" aria-expanded=\"false\" aria-controls=\"collapsePerson4765\"><\/a>\n          <\/div>\n        <\/div>\n        <div class=\"description collapse mt-4\" id=\"collapsePerson4765\">\n          <p>Signe er ansvarlig for at administrere og udvikle Fondets ans\u00f8gnings- og bevillingssystemer, herunder vejledning af ans\u00f8gere, bed\u00f8mmere og bevillingshavere. Signe arbejder ogs\u00e5 med at udvikle nye virkemidler og har en vigtig rolle i Fondets arbejde med \u2019impact assessment\u2019 og dermed arbejdet med de systemer, som Fondets bevillingshavere rapporterer til.<\/p>\n<p>Signe har bred erfaring fra arbejdet med administration og uddeling af bevillinger. Hun har tidligere v\u00e6ret Senior Grant Manager i Novo Nordisk Fonden, administrativ koordinator for DTU Health Technology og f\u00f8r da projektleder i Innovationsfonden.<\/p>\n<p>Signe er cand.mag. i dansk sprog og litteratur fra K\u00f8benhavns Universitet.<\/p>\n<p>Ansat i Fondet siden 2022.<\/p>\n<p>+45 53 70 66 18<br \/>\n<a href=\"mailto:signe.holm@leo-foundation.org\">signe.holm@leo-foundation.org<\/a><br \/>\n<a href=\"https:\/\/www.linkedin.com\/in\/signe-r%C3%B8mer-holm\/\">LinkedIn<\/a><\/p>\n\n        <\/div>\n      <\/div>\n      <\/div>\n<\/div>\n\n<style type=\"text\/css\">\n  [data-block_1824947019cdf3455935c5c810786758] {\n\n  }\n<\/style>\n","protected":false},"excerpt":{"rendered":"<p>N\u00e5r du har f\u00e5et en bevilling Rapportering Betingelser ved bevillinger og priser Kommunikation om forskning og bevillinger Kontakt os<\/p>\n","protected":false},"author":4,"featured_media":0,"parent":0,"menu_order":4,"comment_status":"closed","ping_status":"closed","template":"","meta":{"_acf_changed":false,"inline_featured_image":false,"footnotes":""},"class_list":["post-1793","page","type-page","status-publish","hentry"],"acf":[],"yoast_head":"<!-- This site is optimized with the Yoast SEO plugin v27.3 - https:\/\/yoast.com\/product\/yoast-seo-wordpress\/ -->\n<title>For bevillingsmodtagere - LEO Fondet<\/title>\n<meta name=\"robots\" content=\"noindex, follow, max-snippet:-1, max-image-preview:large, max-video-preview:-1\" \/>\n<meta property=\"og:locale\" content=\"da_DK\" \/>\n<meta property=\"og:type\" content=\"article\" \/>\n<meta property=\"og:title\" content=\"For bevillingsmodtagere - LEO Fondet\" \/>\n<meta property=\"og:description\" content=\"N\u00e5r du har f\u00e5et en bevilling Rapportering Betingelser ved bevillinger og priser Kommunikation om forskning og bevillinger Kontakt os\" \/>\n<meta property=\"og:url\" content=\"https:\/\/leo-foundation.org.bluebird.pw\/da\/for-bevillingsmodtagere\/\" \/>\n<meta property=\"og:site_name\" content=\"LEO Fondet\" \/>\n<meta property=\"article:modified_time\" content=\"2024-11-11T11:59:53+00:00\" \/>\n<meta property=\"og:image\" content=\"https:\/\/leo-foundation.org.bluebird.pw\/da\/wp-content\/uploads\/2020\/11\/louis-reed-pwcKF7L4-no-unsplash-scaled.jpg\" \/>\n\t<meta property=\"og:image:width\" content=\"2560\" \/>\n\t<meta property=\"og:image:height\" content=\"1707\" \/>\n\t<meta property=\"og:image:type\" content=\"image\/jpeg\" \/>\n<meta name=\"twitter:card\" content=\"summary_large_image\" \/>\n<meta name=\"twitter:label1\" content=\"Estimeret l\u00e6setid\" \/>\n\t<meta name=\"twitter:data1\" content=\"4 minutter\" \/>\n<script type=\"application\/ld+json\" class=\"yoast-schema-graph\">{\"@context\":\"https:\\\/\\\/schema.org\",\"@graph\":[{\"@type\":\"WebPage\",\"@id\":\"https:\\\/\\\/leo-foundation.org.bluebird.pw\\\/da\\\/for-bevillingsmodtagere\\\/\",\"url\":\"https:\\\/\\\/leo-foundation.org.bluebird.pw\\\/da\\\/for-bevillingsmodtagere\\\/\",\"name\":\"For bevillingsmodtagere - LEO Fondet\",\"isPartOf\":{\"@id\":\"https:\\\/\\\/leo-foundation.org.bluebird.pw\\\/da\\\/#website\"},\"primaryImageOfPage\":{\"@id\":\"https:\\\/\\\/leo-foundation.org.bluebird.pw\\\/da\\\/for-bevillingsmodtagere\\\/#primaryimage\"},\"image\":{\"@id\":\"https:\\\/\\\/leo-foundation.org.bluebird.pw\\\/da\\\/for-bevillingsmodtagere\\\/#primaryimage\"},\"thumbnailUrl\":\"https:\\\/\\\/leo-foundation.org.bluebird.pw\\\/da\\\/wp-content\\\/uploads\\\/2020\\\/11\\\/louis-reed-pwcKF7L4-no-unsplash-1024x683.jpg\",\"datePublished\":\"2020-10-18T18:50:21+00:00\",\"dateModified\":\"2024-11-11T11:59:53+00:00\",\"breadcrumb\":{\"@id\":\"https:\\\/\\\/leo-foundation.org.bluebird.pw\\\/da\\\/for-bevillingsmodtagere\\\/#breadcrumb\"},\"inLanguage\":\"da-DK\",\"potentialAction\":[{\"@type\":\"ReadAction\",\"target\":[\"https:\\\/\\\/leo-foundation.org.bluebird.pw\\\/da\\\/for-bevillingsmodtagere\\\/\"]}]},{\"@type\":\"ImageObject\",\"inLanguage\":\"da-DK\",\"@id\":\"https:\\\/\\\/leo-foundation.org.bluebird.pw\\\/da\\\/for-bevillingsmodtagere\\\/#primaryimage\",\"url\":\"https:\\\/\\\/leo-foundation.org.bluebird.pw\\\/da\\\/wp-content\\\/uploads\\\/2020\\\/11\\\/louis-reed-pwcKF7L4-no-unsplash-1024x683.jpg\",\"contentUrl\":\"https:\\\/\\\/leo-foundation.org.bluebird.pw\\\/da\\\/wp-content\\\/uploads\\\/2020\\\/11\\\/louis-reed-pwcKF7L4-no-unsplash-1024x683.jpg\"},{\"@type\":\"BreadcrumbList\",\"@id\":\"https:\\\/\\\/leo-foundation.org.bluebird.pw\\\/da\\\/for-bevillingsmodtagere\\\/#breadcrumb\",\"itemListElement\":[{\"@type\":\"ListItem\",\"position\":1,\"name\":\"Forside\",\"item\":\"https:\\\/\\\/leo-foundation.org.bluebird.pw\\\/da\\\/\"},{\"@type\":\"ListItem\",\"position\":2,\"name\":\"For bevillingsmodtagere\"}]},{\"@type\":\"WebSite\",\"@id\":\"https:\\\/\\\/leo-foundation.org.bluebird.pw\\\/da\\\/#website\",\"url\":\"https:\\\/\\\/leo-foundation.org.bluebird.pw\\\/da\\\/\",\"name\":\"LEO Fondet\",\"description\":\"Endnu en WordPress-blog\",\"potentialAction\":[{\"@type\":\"SearchAction\",\"target\":{\"@type\":\"EntryPoint\",\"urlTemplate\":\"https:\\\/\\\/leo-foundation.org.bluebird.pw\\\/da\\\/?s={search_term_string}\"},\"query-input\":{\"@type\":\"PropertyValueSpecification\",\"valueRequired\":true,\"valueName\":\"search_term_string\"}}],\"inLanguage\":\"da-DK\"}]}<\/script>\n<!-- \/ Yoast SEO plugin. -->","yoast_head_json":{"title":"For bevillingsmodtagere - LEO Fondet","robots":{"index":"noindex","follow":"follow","max-snippet":"max-snippet:-1","max-image-preview":"max-image-preview:large","max-video-preview":"max-video-preview:-1"},"og_locale":"da_DK","og_type":"article","og_title":"For bevillingsmodtagere - LEO Fondet","og_description":"N\u00e5r du har f\u00e5et en bevilling Rapportering Betingelser ved bevillinger og priser Kommunikation om forskning og bevillinger Kontakt os","og_url":"https:\/\/leo-foundation.org.bluebird.pw\/da\/for-bevillingsmodtagere\/","og_site_name":"LEO Fondet","article_modified_time":"2024-11-11T11:59:53+00:00","og_image":[{"width":2560,"height":1707,"url":"https:\/\/leo-foundation.org.bluebird.pw\/da\/wp-content\/uploads\/2020\/11\/louis-reed-pwcKF7L4-no-unsplash-scaled.jpg","type":"image\/jpeg"}],"twitter_card":"summary_large_image","twitter_misc":{"Estimeret l\u00e6setid":"4 minutter"},"schema":{"@context":"https:\/\/schema.org","@graph":[{"@type":"WebPage","@id":"https:\/\/leo-foundation.org.bluebird.pw\/da\/for-bevillingsmodtagere\/","url":"https:\/\/leo-foundation.org.bluebird.pw\/da\/for-bevillingsmodtagere\/","name":"For bevillingsmodtagere - LEO Fondet","isPartOf":{"@id":"https:\/\/leo-foundation.org.bluebird.pw\/da\/#website"},"primaryImageOfPage":{"@id":"https:\/\/leo-foundation.org.bluebird.pw\/da\/for-bevillingsmodtagere\/#primaryimage"},"image":{"@id":"https:\/\/leo-foundation.org.bluebird.pw\/da\/for-bevillingsmodtagere\/#primaryimage"},"thumbnailUrl":"https:\/\/leo-foundation.org.bluebird.pw\/da\/wp-content\/uploads\/2020\/11\/louis-reed-pwcKF7L4-no-unsplash-1024x683.jpg","datePublished":"2020-10-18T18:50:21+00:00","dateModified":"2024-11-11T11:59:53+00:00","breadcrumb":{"@id":"https:\/\/leo-foundation.org.bluebird.pw\/da\/for-bevillingsmodtagere\/#breadcrumb"},"inLanguage":"da-DK","potentialAction":[{"@type":"ReadAction","target":["https:\/\/leo-foundation.org.bluebird.pw\/da\/for-bevillingsmodtagere\/"]}]},{"@type":"ImageObject","inLanguage":"da-DK","@id":"https:\/\/leo-foundation.org.bluebird.pw\/da\/for-bevillingsmodtagere\/#primaryimage","url":"https:\/\/leo-foundation.org.bluebird.pw\/da\/wp-content\/uploads\/2020\/11\/louis-reed-pwcKF7L4-no-unsplash-1024x683.jpg","contentUrl":"https:\/\/leo-foundation.org.bluebird.pw\/da\/wp-content\/uploads\/2020\/11\/louis-reed-pwcKF7L4-no-unsplash-1024x683.jpg"},{"@type":"BreadcrumbList","@id":"https:\/\/leo-foundation.org.bluebird.pw\/da\/for-bevillingsmodtagere\/#breadcrumb","itemListElement":[{"@type":"ListItem","position":1,"name":"Forside","item":"https:\/\/leo-foundation.org.bluebird.pw\/da\/"},{"@type":"ListItem","position":2,"name":"For bevillingsmodtagere"}]},{"@type":"WebSite","@id":"https:\/\/leo-foundation.org.bluebird.pw\/da\/#website","url":"https:\/\/leo-foundation.org.bluebird.pw\/da\/","name":"LEO Fondet","description":"Endnu en WordPress-blog","potentialAction":[{"@type":"SearchAction","target":{"@type":"EntryPoint","urlTemplate":"https:\/\/leo-foundation.org.bluebird.pw\/da\/?s={search_term_string}"},"query-input":{"@type":"PropertyValueSpecification","valueRequired":true,"valueName":"search_term_string"}}],"inLanguage":"da-DK"}]}},"distributor_meta":false,"distributor_terms":false,"distributor_media":false,"distributor_original_site_name":"LEO Fondet","distributor_original_site_url":"https:\/\/leo-foundation.org.bluebird.pw\/da","push-errors":false,"_links":{"self":[{"href":"https:\/\/leo-foundation.org.bluebird.pw\/da\/wp-json\/wp\/v2\/pages\/1793","targetHints":{"allow":["GET"]}}],"collection":[{"href":"https:\/\/leo-foundation.org.bluebird.pw\/da\/wp-json\/wp\/v2\/pages"}],"about":[{"href":"https:\/\/leo-foundation.org.bluebird.pw\/da\/wp-json\/wp\/v2\/types\/page"}],"author":[{"embeddable":true,"href":"https:\/\/leo-foundation.org.bluebird.pw\/da\/wp-json\/wp\/v2\/users\/4"}],"replies":[{"embeddable":true,"href":"https:\/\/leo-foundation.org.bluebird.pw\/da\/wp-json\/wp\/v2\/comments?post=1793"}],"version-history":[{"count":50,"href":"https:\/\/leo-foundation.org.bluebird.pw\/da\/wp-json\/wp\/v2\/pages\/1793\/revisions"}],"predecessor-version":[{"id":6601,"href":"https:\/\/leo-foundation.org.bluebird.pw\/da\/wp-json\/wp\/v2\/pages\/1793\/revisions\/6601"}],"wp:attachment":[{"href":"https:\/\/leo-foundation.org.bluebird.pw\/da\/wp-json\/wp\/v2\/media?parent=1793"}],"curies":[{"name":"wp","href":"https:\/\/api.w.org\/{rel}","templated":true}]}}